{"id":926,"date":"2023-04-20T19:32:24","date_gmt":"2023-04-20T17:32:24","guid":{"rendered":"https:\/\/www.lesculapi.com\/contact\/"},"modified":"2023-07-07T12:00:17","modified_gmt":"2023-07-07T10:00:17","slug":"contact","status":"publish","type":"page","link":"https:\/\/www.lesculapi.com\/en\/contact\/","title":{"rendered":"Contact"},"content":{"rendered":"\t\t<div data-elementor-type=\"wp-page\" data-elementor-id=\"926\" class=\"elementor elementor-926 elementor-121\">\n\t\t\t\t\t\t<section class=\"elementor-section elementor-top-section elementor-element elementor-element-9b53ffa elementor-section-boxed elementor-section-height-default elementor-section-height-default\" data-id=\"9b53ffa\" data-element_type=\"section\" data-settings=\"{&quot;_ob_glider_is_slider&quot;:&quot;no&quot;}\">\n\t\t\t\t\t\t<div class=\"elementor-container elementor-column-gap-default\">\n\t\t\t\t\t<div class=\"elementor-column elementor-col-50 elementor-top-column elementor-element elementor-element-88a8a0a\" data-id=\"88a8a0a\" data-element_type=\"column\">\n\t\t\t<div class=\"elementor-widget-wrap elementor-element-populated\">\n\t\t\t\t\t\t<div class=\"elementor-element elementor-element-50e7643 elementor-widget elementor-widget-heading\" data-id=\"50e7643\" data-element_type=\"widget\" data-widget_type=\"heading.default\">\n\t\t\t\t<div class=\"elementor-widget-container\">\n\t\t\t<h2 class=\"elementor-heading-title elementor-size-default\">CONTACT<\/h2>\t\t<\/div>\n\t\t\t\t<\/div>\n\t\t\t\t<div class=\"elementor-element elementor-element-9fa319b elementor-widget elementor-widget-text-editor\" data-id=\"9fa319b\" data-element_type=\"widget\" data-widget_type=\"text-editor.default\">\n\t\t\t\t<div class=\"elementor-widget-container\">\n\t\t\t\t\t\t\tPla\u00e7a Major, 1\n\nSant Mart\u00ed d&#8217;Emp\u00faries, L&#8217;Escala\n<p style=\"color: #000000;\">Book online or call <a href=\"tel:+34972770053\" style=\"color: #000000; href=\" tel:=\"\">+34 972 77 00 53<\/a><\/p>\n<p style=\"color: black;\">info@lesculapi.com<\/p>\t\t\t\t\t\t<\/div>\n\t\t\t\t<\/div>\n\t\t\t\t<div class=\"elementor-element elementor-element-07ca358 elementor-widget elementor-widget-text-editor\" data-id=\"07ca358\" data-element_type=\"widget\" data-widget_type=\"text-editor.default\">\n\t\t\t\t<div class=\"elementor-widget-container\">\n\t\t\t\t\t\t\t<p><strong>Do you have any other questions or suggestions?<\/strong><\/p>\n\t\t\t\t\t\t<\/div>\n\t\t\t\t<\/div>\n\t\t\t\t<div class=\"elementor-element elementor-element-0f5af01 elementor-button-align-end elementor-widget elementor-widget-form\" data-id=\"0f5af01\" data-element_type=\"widget\" data-settings=\"{&quot;step_next_label&quot;:&quot;Next&quot;,&quot;step_previous_label&quot;:&quot;Previous&quot;,&quot;button_width&quot;:&quot;100&quot;,&quot;step_type&quot;:&quot;number_text&quot;,&quot;step_icon_shape&quot;:&quot;circle&quot;}\" data-widget_type=\"form.default\">\n\t\t\t\t<div class=\"elementor-widget-container\">\n\t\t\t\t\t<form class=\"elementor-form\" method=\"post\" id=\"contactform\" name=\"Contact Form\">\n\t\t\t<input type=\"hidden\" name=\"post_id\" value=\"926\"\/>\n\t\t\t<input type=\"hidden\" name=\"form_id\" value=\"0f5af01\"\/>\n\t\t\t<input type=\"hidden\" name=\"referer_title\" value=\"L&#8217;ESCULAPI | Restaurant-Pizzeria\" \/>\n\n\t\t\t\n\t\t\t<div class=\"elementor-form-fields-wrapper elementor-labels-\">\n\t\t\t\t\t\t\t\t<div class=\"elementor-field-type-text elementor-field-group elementor-column elementor-field-group-name elementor-col-100 elementor-field-required\">\n\t\t\t\t\t\t\t\t\t\t\t\t<label for=\"form-field-name\" class=\"elementor-field-label elementor-screen-only\">\n\t\t\t\t\t\t\t\tFirst and last name\t\t\t\t\t\t\t<\/label>\n\t\t\t\t\t\t\t\t\t\t\t\t\t\t<input size=\"1\" type=\"text\" name=\"form_fields[name]\" id=\"form-field-name\" class=\"elementor-field elementor-size-sm  elementor-field-textual\" placeholder=\"First and last name\" required=\"required\" aria-required=\"true\">\n\t\t\t\t\t\t\t\t\t\t\t<\/div>\n\t\t\t\t\t\t\t\t<div class=\"elementor-field-type-email elementor-field-group elementor-column elementor-field-group-email elementor-col-100 elementor-field-required\">\n\t\t\t\t\t\t\t\t\t\t\t\t<label for=\"form-field-email\" class=\"elementor-field-label elementor-screen-only\">\n\t\t\t\t\t\t\t\tEmail\t\t\t\t\t\t\t<\/label>\n\t\t\t\t\t\t\t\t\t\t\t\t\t\t<input size=\"1\" type=\"email\" name=\"form_fields[email]\" id=\"form-field-email\" class=\"elementor-field elementor-size-sm  elementor-field-textual\" placeholder=\"Email\" required=\"required\" aria-required=\"true\">\n\t\t\t\t\t\t\t\t\t\t\t<\/div>\n\t\t\t\t\t\t\t\t<div class=\"elementor-field-type-tel elementor-field-group elementor-column elementor-field-group-tel elementor-col-100 elementor-field-required\">\n\t\t\t\t\t\t\t\t\t\t\t\t<label for=\"form-field-tel\" class=\"elementor-field-label elementor-screen-only\">\n\t\t\t\t\t\t\t\tPhone number\t\t\t\t\t\t\t<\/label>\n\t\t\t\t\t\t\t\t<input size=\"1\" type=\"tel\" name=\"form_fields[tel]\" id=\"form-field-tel\" class=\"elementor-field elementor-size-sm  elementor-field-textual\" placeholder=\"Phone number\" required=\"required\" aria-required=\"true\" pattern=\"[0-9()#&amp;+*-=.]+\" title=\"Only numbers and phone characters (#, -, *, etc) are accepted.\">\n\n\t\t\t\t\t\t<\/div>\n\t\t\t\t\t\t\t\t<div class=\"elementor-field-type-textarea elementor-field-group elementor-column elementor-field-group-message elementor-col-100\">\n\t\t\t\t\t\t\t\t\t\t\t\t<label for=\"form-field-message\" class=\"elementor-field-label elementor-screen-only\">\n\t\t\t\t\t\t\t\tMessage\t\t\t\t\t\t\t<\/label>\n\t\t\t\t\t\t<textarea class=\"elementor-field-textual elementor-field  elementor-size-sm\" name=\"form_fields[message]\" id=\"form-field-message\" rows=\"5\" placeholder=\"Message\"><\/textarea>\t\t\t\t<\/div>\n\t\t\t\t\t\t\t\t<div class=\"elementor-field-type-recaptcha_v3 elementor-field-group elementor-column elementor-field-group-captcha elementor-col-100 recaptcha_v3-bottomright\">\n\t\t\t\t\t<div class=\"elementor-field\" id=\"form-field-captcha\"><div class=\"elementor-g-recaptcha\" data-sitekey=\"6LfXOq8mAAAAAOreqa6DNyGpmWZo9Xju2ZGxF5CK\" data-type=\"v3\" data-action=\"Form\" data-badge=\"bottomright\" data-size=\"invisible\"><\/div><\/div>\t\t\t\t<\/div>\n\t\t\t\t\t\t\t\t<div class=\"elementor-field-group elementor-column elementor-field-type-submit elementor-col-100 e-form__buttons\">\n\t\t\t\t\t<button type=\"submit\" class=\"elementor-button elementor-size-sm\">\n\t\t\t\t\t\t<span >\n\t\t\t\t\t\t\t\t\t\t\t\t\t\t\t<span class=\" elementor-button-icon\">\n\t\t\t\t\t\t\t\t\t\t\t\t\t\t\t\t\t\t\t\t\t\t\t\t\t\t<\/span>\n\t\t\t\t\t\t\t\t\t\t\t\t\t\t\t\t\t\t\t\t\t\t<span class=\"elementor-button-text\">SEND<\/span>\n\t\t\t\t\t\t\t\t\t\t\t\t\t<\/span>\n\t\t\t\t\t<\/button>\n\t\t\t\t<\/div>\n\t\t\t<\/div>\n\t\t<\/form>\n\t\t\t\t<\/div>\n\t\t\t\t<\/div>\n\t\t\t\t\t<\/div>\n\t\t<\/div>\n\t\t\t\t<div class=\"elementor-column elementor-col-50 elementor-top-column elementor-element elementor-element-888e5fa\" data-id=\"888e5fa\" data-element_type=\"column\">\n\t\t\t<div class=\"elementor-widget-wrap elementor-element-populated\">\n\t\t\t\t\t\t<div class=\"elementor-element elementor-element-f21e6d6 elementor-widget elementor-widget-google_maps\" data-id=\"f21e6d6\" data-element_type=\"widget\" data-widget_type=\"google_maps.default\">\n\t\t\t\t<div class=\"elementor-widget-container\">\n\t\t\t\t\t<div class=\"elementor-custom-embed\">\n\t\t\t<iframe loading=\"lazy\"\n\t\t\t\t\tsrc=\"https:\/\/maps.google.com\/maps?q=L%27ESCULAPI%20Restaurant-Pizzeria&#038;t=m&#038;z=10&#038;output=embed&#038;iwloc=near\"\n\t\t\t\t\ttitle=\"L&#039;ESCULAPI Restaurant-Pizzeria\"\n\t\t\t\t\taria-label=\"L&#039;ESCULAPI Restaurant-Pizzeria\"\n\t\t\t><\/iframe>\n\t\t<\/div>\n\t\t\t\t<\/div>\n\t\t\t\t<\/div>\n\t\t\t\t\t<\/div>\n\t\t<\/div>\n\t\t\t\t\t<\/div>\n\t\t<\/section>\n\t\t\t\t<\/div>\n\t\t","protected":false},"excerpt":{"rendered":"<p>CONTACT Pla\u00e7a Major, 1 Sant Mart\u00ed d&#8217;Emp\u00faries, L&#8217;Escala Book online or call +34 972 77 00 53 info@lesculapi.com Do you have any other questions or suggestions?<\/p>\n","protected":false},"author":2,"featured_media":0,"parent":0,"menu_order":0,"comment_status":"closed","ping_status":"closed","template":"elementor_header_footer","meta":{"footnotes":""},"class_list":["post-926","page","type-page","status-publish","hentry"],"yoast_head":"<!-- This site is optimized with the Yoast SEO plugin v23.5 - https:\/\/yoast.com\/wordpress\/plugins\/seo\/ -->\n<title>Contact | L&#039;ESCULAPI | Restaurant-Pizzeria<\/title>\n<meta name=\"description\" content=\"Contact L&#039;Esculapi - C\/Pla\u00e7a Major, 1 - Sant Mart\u00ed d&#039;Emp\u00faries - L&#039;Escala (17130) Tel\u00e8fon: +34 972770053 Mail: info@lesculapi.com\" \/>\n<meta name=\"robots\" content=\"index, follow, max-snippet:-1, max-image-preview:large, max-video-preview:-1\" \/>\n<link rel=\"canonical\" href=\"https:\/\/www.lesculapi.com\/en\/contact\/\" \/>\n<meta property=\"og:locale\" content=\"en_US\" \/>\n<meta property=\"og:type\" content=\"article\" \/>\n<meta property=\"og:title\" content=\"Contact | L&#039;ESCULAPI | Restaurant-Pizzeria\" \/>\n<meta property=\"og:description\" content=\"Contact L&#039;Esculapi - C\/Pla\u00e7a Major, 1 - Sant Mart\u00ed d&#039;Emp\u00faries - L&#039;Escala (17130) Tel\u00e8fon: +34 972770053 Mail: info@lesculapi.com\" \/>\n<meta property=\"og:url\" content=\"https:\/\/www.lesculapi.com\/en\/contact\/\" \/>\n<meta property=\"og:site_name\" content=\"L&#039;ESCULAPI | Restaurant-Pizzeria\" \/>\n<meta property=\"article:publisher\" content=\"https:\/\/www.facebook.com\/lesculapi\" \/>\n<meta property=\"article:modified_time\" content=\"2023-07-07T10:00:17+00:00\" \/>\n<meta property=\"og:image\" content=\"https:\/\/www.lesculapi.com\/wp-content\/uploads\/2023\/05\/slider-home-5-scaled.jpg\" \/>\n\t<meta property=\"og:image:width\" content=\"2560\" \/>\n\t<meta property=\"og:image:height\" content=\"1707\" \/>\n\t<meta property=\"og:image:type\" content=\"image\/jpeg\" \/>\n<meta name=\"twitter:card\" content=\"summary_large_image\" \/>\n<script type=\"application\/ld+json\" class=\"yoast-schema-graph\">{\"@context\":\"https:\/\/schema.org\",\"@graph\":[{\"@type\":\"WebPage\",\"@id\":\"https:\/\/www.lesculapi.com\/en\/contact\/\",\"url\":\"https:\/\/www.lesculapi.com\/en\/contact\/\",\"name\":\"Contact | L'ESCULAPI | Restaurant-Pizzeria\",\"isPartOf\":{\"@id\":\"https:\/\/www.lesculapi.com\/#website\"},\"datePublished\":\"2023-04-20T17:32:24+00:00\",\"dateModified\":\"2023-07-07T10:00:17+00:00\",\"description\":\"Contact L'Esculapi - C\/Pla\u00e7a Major, 1 - Sant Mart\u00ed d'Emp\u00faries - L'Escala (17130) Tel\u00e8fon: +34 972770053 Mail: info@lesculapi.com\",\"breadcrumb\":{\"@id\":\"https:\/\/www.lesculapi.com\/en\/contact\/#breadcrumb\"},\"inLanguage\":\"en-US\",\"potentialAction\":[{\"@type\":\"ReadAction\",\"target\":[\"https:\/\/www.lesculapi.com\/en\/contact\/\"]}]},{\"@type\":\"BreadcrumbList\",\"@id\":\"https:\/\/www.lesculapi.com\/en\/contact\/#breadcrumb\",\"itemListElement\":[{\"@type\":\"ListItem\",\"position\":1,\"name\":\"Home\",\"item\":\"https:\/\/www.lesculapi.com\/en\/home\/\"},{\"@type\":\"ListItem\",\"position\":2,\"name\":\"Contact\"}]},{\"@type\":\"WebSite\",\"@id\":\"https:\/\/www.lesculapi.com\/#website\",\"url\":\"https:\/\/www.lesculapi.com\/\",\"name\":\"L'ESCULAPI Restaurant-Pizzeria\",\"description\":\"Restaurant-Pizzeria\",\"publisher\":{\"@id\":\"https:\/\/www.lesculapi.com\/#organization\"},\"potentialAction\":[{\"@type\":\"SearchAction\",\"target\":{\"@type\":\"EntryPoint\",\"urlTemplate\":\"https:\/\/www.lesculapi.com\/?s={search_term_string}\"},\"query-input\":{\"@type\":\"PropertyValueSpecification\",\"valueRequired\":true,\"valueName\":\"search_term_string\"}}],\"inLanguage\":\"en-US\"},{\"@type\":\"Organization\",\"@id\":\"https:\/\/www.lesculapi.com\/#organization\",\"name\":\"L'ESCULAPI Restaurant-Pizzeria\",\"url\":\"https:\/\/www.lesculapi.com\/\",\"logo\":{\"@type\":\"ImageObject\",\"inLanguage\":\"en-US\",\"@id\":\"https:\/\/www.lesculapi.com\/#\/schema\/logo\/image\/\",\"url\":\"http:\/\/www.lesculapi.com\/wp-content\/uploads\/2023\/06\/logo_esculapi2-6.png\",\"contentUrl\":\"http:\/\/www.lesculapi.com\/wp-content\/uploads\/2023\/06\/logo_esculapi2-6.png\",\"width\":250,\"height\":80,\"caption\":\"L'ESCULAPI Restaurant-Pizzeria\"},\"image\":{\"@id\":\"https:\/\/www.lesculapi.com\/#\/schema\/logo\/image\/\"},\"sameAs\":[\"https:\/\/www.facebook.com\/lesculapi\",\"https:\/\/www.instagram.com\/lesculapi\/\"]}]}<\/script>\n<!-- \/ Yoast SEO plugin. -->","yoast_head_json":{"title":"Contact | L'ESCULAPI | Restaurant-Pizzeria","description":"Contact L'Esculapi - C\/Pla\u00e7a Major, 1 - Sant Mart\u00ed d'Emp\u00faries - L'Escala (17130) Tel\u00e8fon: +34 972770053 Mail: info@lesculapi.com","robots":{"index":"index","follow":"follow","max-snippet":"max-snippet:-1","max-image-preview":"max-image-preview:large","max-video-preview":"max-video-preview:-1"},"canonical":"https:\/\/www.lesculapi.com\/en\/contact\/","og_locale":"en_US","og_type":"article","og_title":"Contact | L'ESCULAPI | Restaurant-Pizzeria","og_description":"Contact L'Esculapi - C\/Pla\u00e7a Major, 1 - Sant Mart\u00ed d'Emp\u00faries - L'Escala (17130) Tel\u00e8fon: +34 972770053 Mail: info@lesculapi.com","og_url":"https:\/\/www.lesculapi.com\/en\/contact\/","og_site_name":"L'ESCULAPI | Restaurant-Pizzeria","article_publisher":"https:\/\/www.facebook.com\/lesculapi","article_modified_time":"2023-07-07T10:00:17+00:00","og_image":[{"width":2560,"height":1707,"url":"https:\/\/www.lesculapi.com\/wp-content\/uploads\/2023\/05\/slider-home-5-scaled.jpg","type":"image\/jpeg"}],"twitter_card":"summary_large_image","schema":{"@context":"https:\/\/schema.org","@graph":[{"@type":"WebPage","@id":"https:\/\/www.lesculapi.com\/en\/contact\/","url":"https:\/\/www.lesculapi.com\/en\/contact\/","name":"Contact | L'ESCULAPI | Restaurant-Pizzeria","isPartOf":{"@id":"https:\/\/www.lesculapi.com\/#website"},"datePublished":"2023-04-20T17:32:24+00:00","dateModified":"2023-07-07T10:00:17+00:00","description":"Contact L'Esculapi - C\/Pla\u00e7a Major, 1 - Sant Mart\u00ed d'Emp\u00faries - L'Escala (17130) Tel\u00e8fon: +34 972770053 Mail: info@lesculapi.com","breadcrumb":{"@id":"https:\/\/www.lesculapi.com\/en\/contact\/#breadcrumb"},"inLanguage":"en-US","potentialAction":[{"@type":"ReadAction","target":["https:\/\/www.lesculapi.com\/en\/contact\/"]}]},{"@type":"BreadcrumbList","@id":"https:\/\/www.lesculapi.com\/en\/contact\/#breadcrumb","itemListElement":[{"@type":"ListItem","position":1,"name":"Home","item":"https:\/\/www.lesculapi.com\/en\/home\/"},{"@type":"ListItem","position":2,"name":"Contact"}]},{"@type":"WebSite","@id":"https:\/\/www.lesculapi.com\/#website","url":"https:\/\/www.lesculapi.com\/","name":"L'ESCULAPI Restaurant-Pizzeria","description":"Restaurant-Pizzeria","publisher":{"@id":"https:\/\/www.lesculapi.com\/#organization"},"potentialAction":[{"@type":"SearchAction","target":{"@type":"EntryPoint","urlTemplate":"https:\/\/www.lesculapi.com\/?s={search_term_string}"},"query-input":{"@type":"PropertyValueSpecification","valueRequired":true,"valueName":"search_term_string"}}],"inLanguage":"en-US"},{"@type":"Organization","@id":"https:\/\/www.lesculapi.com\/#organization","name":"L'ESCULAPI Restaurant-Pizzeria","url":"https:\/\/www.lesculapi.com\/","logo":{"@type":"ImageObject","inLanguage":"en-US","@id":"https:\/\/www.lesculapi.com\/#\/schema\/logo\/image\/","url":"http:\/\/www.lesculapi.com\/wp-content\/uploads\/2023\/06\/logo_esculapi2-6.png","contentUrl":"http:\/\/www.lesculapi.com\/wp-content\/uploads\/2023\/06\/logo_esculapi2-6.png","width":250,"height":80,"caption":"L'ESCULAPI Restaurant-Pizzeria"},"image":{"@id":"https:\/\/www.lesculapi.com\/#\/schema\/logo\/image\/"},"sameAs":["https:\/\/www.facebook.com\/lesculapi","https:\/\/www.instagram.com\/lesculapi\/"]}]}},"_links":{"self":[{"href":"https:\/\/www.lesculapi.com\/en\/wp-json\/wp\/v2\/pages\/926"}],"collection":[{"href":"https:\/\/www.lesculapi.com\/en\/wp-json\/wp\/v2\/pages"}],"about":[{"href":"https:\/\/www.lesculapi.com\/en\/wp-json\/wp\/v2\/types\/page"}],"author":[{"embeddable":true,"href":"https:\/\/www.lesculapi.com\/en\/wp-json\/wp\/v2\/users\/2"}],"replies":[{"embeddable":true,"href":"https:\/\/www.lesculapi.com\/en\/wp-json\/wp\/v2\/comments?post=926"}],"version-history":[{"count":7,"href":"https:\/\/www.lesculapi.com\/en\/wp-json\/wp\/v2\/pages\/926\/revisions"}],"predecessor-version":[{"id":1157,"href":"https:\/\/www.lesculapi.com\/en\/wp-json\/wp\/v2\/pages\/926\/revisions\/1157"}],"wp:attachment":[{"href":"https:\/\/www.lesculapi.com\/en\/wp-json\/wp\/v2\/media?parent=926"}],"curies":[{"name":"wp","href":"https:\/\/api.w.org\/{rel}","templated":true}]}}