{"id":977,"date":"2023-04-20T19:32:24","date_gmt":"2023-04-20T17:32:24","guid":{"rendered":"https:\/\/www.lesculapi.com\/contacto\/"},"modified":"2025-07-07T11:14:42","modified_gmt":"2025-07-07T09:14:42","slug":"contacto","status":"publish","type":"page","link":"https:\/\/www.lesculapi.com\/es\/contacto\/","title":{"rendered":"Contacto"},"content":{"rendered":"\t\t<div data-elementor-type=\"wp-page\" data-elementor-id=\"977\" class=\"elementor elementor-977 elementor-121\">\n\t\t\t\t\t\t<section class=\"elementor-section elementor-top-section elementor-element elementor-element-9b53ffa elementor-section-boxed elementor-section-height-default elementor-section-height-default\" data-id=\"9b53ffa\" data-element_type=\"section\" data-settings=\"{&quot;_ob_glider_is_slider&quot;:&quot;no&quot;}\">\n\t\t\t\t\t\t<div class=\"elementor-container elementor-column-gap-default\">\n\t\t\t\t\t<div class=\"elementor-column elementor-col-50 elementor-top-column elementor-element elementor-element-88a8a0a\" data-id=\"88a8a0a\" data-element_type=\"column\">\n\t\t\t<div class=\"elementor-widget-wrap elementor-element-populated\">\n\t\t\t\t\t\t<div class=\"elementor-element elementor-element-50e7643 elementor-widget elementor-widget-heading\" data-id=\"50e7643\" data-element_type=\"widget\" data-widget_type=\"heading.default\">\n\t\t\t\t<div class=\"elementor-widget-container\">\n\t\t\t<h1 class=\"elementor-heading-title elementor-size-default\">CONTACTO<\/h1>\t\t<\/div>\n\t\t\t\t<\/div>\n\t\t\t\t<div class=\"elementor-element elementor-element-9fa319b elementor-widget elementor-widget-text-editor\" data-id=\"9fa319b\" data-element_type=\"widget\" data-widget_type=\"text-editor.default\">\n\t\t\t\t<div class=\"elementor-widget-container\">\n\t\t\t\t\t\t\tPla\u00e7a Major, 1\n\nSant Mart\u00ed d&#8217;Emp\u00faries, L&#8217;Escala\n<p style=\"color: #000000;\">Reserva online o ll\u00e1manos al <a href=\"tel:+34972770053\" style=\"color: #000000; href=\" tel:=\"\">+34 972 77 00 53<\/a><\/p>\n<p style=\"color: black;\">info@lesculapi.com<\/p>\t\t\t\t\t\t<\/div>\n\t\t\t\t<\/div>\n\t\t\t\t<div class=\"elementor-element elementor-element-7e97448 elementor-widget elementor-widget-heading\" data-id=\"7e97448\" data-element_type=\"widget\" data-widget_type=\"heading.default\">\n\t\t\t\t<div class=\"elementor-widget-container\">\n\t\t\t<h1 class=\"elementor-heading-title elementor-size-default\">FAQs<\/h1>\t\t<\/div>\n\t\t\t\t<\/div>\n\t\t\t\t<div class=\"elementor-element elementor-element-efdfad6 elementor-widget elementor-widget-text-editor\" data-id=\"efdfad6\" data-element_type=\"widget\" data-widget_type=\"text-editor.default\">\n\t\t\t\t<div class=\"elementor-widget-container\">\n\t\t\t\t\t\t\t<h4><u><strong data-start=\"123\" data-end=\"145\">Reservas y horarios<\/strong><\/u><\/h4>\n<p data-start=\"147\" data-end=\"443\">\n<\/p><p><strong data-start=\"217\" data-end=\"269\">1. \u00bfTengo que hacer reserva para venir a comer o cenar?<\/strong><\/p>\n<p data-start=\"147\" data-end=\"443\">Recomendamos reservar, sobre todo los fines de semana o festivos.<\/p>\n<p data-start=\"147\" data-end=\"443\"><strong data-start=\"270\" data-end=\"370\">Solo gestionamos reservas a trav\u00e9s de nuestro sistema de reservas de la p\u00e1gina web o por tel\u00e9fono.<\/strong> No aceptamos reservas por correo electr\u00f3nico ni por redes sociales.<\/p>\n<p data-start=\"147\" data-end=\"443\"><strong data-start=\"632\" data-end=\"667\">&nbsp;<\/strong><\/p>\n<p data-start=\"147\" data-end=\"443\"><span data-start=\"632\" data-end=\"667\"><b>2.&nbsp;<\/b><\/span><strong data-start=\"632\" data-end=\"667\">\u00bfPuedo venir con un grupo grande?<\/strong><\/p>\n<p data-start=\"147\" data-end=\"443\">S\u00f3lo disponemos de 1 mesa por m\u00e1ximo 8 personas (por servicio y turno). Debido a la limitaci\u00f3n en el espacio y para poder ofrecer un mejor servicio a todos nuestros clientes, no podemos tomar grupos m\u00e1s numerosos.&nbsp;<span style=\"font-weight: bolder;\">No juntamos mesas.<\/span><\/p>\n<p data-start=\"147\" data-end=\"443\"><em data-start=\"376\" data-end=\"443\">&nbsp;<\/em><\/p>\n<p data-start=\"445\" data-end=\"585\"><strong data-start=\"445\" data-end=\"493\">3. \u00bfCu\u00e1les son los horarios de apertura y cierre del restaurante?<\/strong><\/p>\n<p data-start=\"445\" data-end=\"585\">Estamos abiertos todos los d\u00edas de la semana:<br data-start=\"493\" data-end=\"496\"><em data-start=\"538\" data-end=\"548\">Apertura<\/em> : 10:00 h<br data-start=\"532\" data-end=\"535\"><em data-start=\"563\" data-end=\"574\">Cierre<\/em> : 00:00 h<\/p><p data-start=\"445\" data-end=\"585\"><br><\/p>\n<p data-start=\"445\" data-end=\"585\">\n<\/p>\n<p data-start=\"587\" data-end=\"691\"><strong data-start=\"587\" data-end=\"620\">4. \u00bfCu\u00e1l es el horario de cocina?<\/strong><br data-start=\"620\" data-end=\"623\">Cocina abierta de <strong data-start=\"642\" data-end=\"663\">12:00 ha 16:00<\/strong> hy de <strong data-start=\"669\" data-end=\"690\">19:00 ha 23:00 h<\/strong> .<\/p><p data-start=\"587\" data-end=\"691\"><br><\/p>\n<h4 style=\"box-sizing: border-box; margin-top: 0.5rem; margin-bottom: 1rem; font-family: Arapey, sans-serif; line-height: 1.2; color: #041e17; font-size: 1.5rem; font-style: normal; font-variant-ligatures: normal; font-variant-caps: normal; letter-spacing: normal; orphans: 2; text-align: start; text-indent: 0px; text-transform: none; widows: 2; word-spacing: 0px; -webkit-text-stroke-width: 0px; white-space: normal; background-color: #ffffff; text-decoration-thickness: initial; text-decoration-style: initial; text-decoration-color: initial;\"><b><u>Carta y men\u00fas<\/u><\/b><\/h4>\n<p data-start=\"120\" data-end=\"346\"><strong data-start=\"120\" data-end=\"178\">5. \u00bfTienen opciones vegetarianas, veganas o sin gluten?<\/strong><br data-start=\"178\" data-end=\"181\">S\u00ed, tenemos <span data-start=\"191\" data-end=\"239\">opciones vegetarianas, veganas y sin gluten<\/span> en nuestra carta. Si tiene alguna alergia o intolerancia, h\u00e1ganoslo saber y le asesoraremos encantados.<\/p><p data-start=\"120\" data-end=\"346\"><br><\/p>\n<p data-start=\"120\" data-end=\"346\">\n<\/p><p data-start=\"587\" data-end=\"691\">\n<\/p><p data-start=\"348\" data-end=\"561\"><strong data-start=\"348\" data-end=\"398\">6. \u00bfTienen men\u00fa del d\u00eda o men\u00fa cerrado por grupos?<\/strong><br data-start=\"398\" data-end=\"401\"><strong data-start=\"401\" data-end=\"436\">No trabajamos ni con men\u00fa del d\u00eda ni con men\u00fas cerrados.<\/strong> Ofrecemos <span data-start=\"444\" data-end=\"479\">una carta fija durante todo el a\u00f1o.<\/span><\/p>\n<p data-start=\"348\" data-end=\"561\">\n<\/p><h4 style=\"font-family: Arapey, sans-serif; color: #041e17;\"><br><\/h4>\n<h4 style=\"font-family: Arapey, sans-serif; color: #041e17;\"><b><u>Espacio y servicios<\/u><\/b><\/h4>\n<p data-start=\"141\" data-end=\"235\"><strong data-start=\"141\" data-end=\"183\">7. \u00bfTiene terraza o comedor exterior?<\/strong><br data-start=\"183\" data-end=\"186\">S\u00ed, disponemos de terraza cubierta y protegida del sol.<\/p><p data-start=\"141\" data-end=\"235\"><br><\/p>\n<p data-start=\"141\" data-end=\"235\">\n<\/p><p data-start=\"237\" data-end=\"359\"><strong data-start=\"237\" data-end=\"270\">8. \u00bfSe puede venir con mascotas?<\/strong><br data-start=\"270\" data-end=\"273\">Las mascotas son bienvenidas en la terraza. No se admiten mascotas en su interior. &nbsp;<\/p><p data-start=\"237\" data-end=\"359\"><br><\/p>\n<p data-start=\"237\" data-end=\"359\">\n<\/p>\n<p data-start=\"361\" data-end=\"653\"><strong data-start=\"361\" data-end=\"418\">9. \u00bfTiene tronas para ni\u00f1os o espacio para cochecitos?<\/strong><br data-start=\"418\" data-end=\"421\">S\u00ed, disponemos de alzadores para ni\u00f1os, pero&nbsp;<strong data-start=\"464\" data-end=\"491\">tenemos un n\u00famero limitado<\/strong> y <strong data-start=\"494\" data-end=\"518\">no se pueden reservar<\/strong> . Una vez est\u00e1n todos ocupados, <strong data-start=\"549\" data-end=\"580\">no tenemos m\u00e1s disponibles<\/strong>.<\/p><p data-start=\"361\" data-end=\"653\"><br><\/p>\n<p data-start=\"361\" data-end=\"653\">\n<\/p><p data-start=\"361\" data-end=\"653\"><b>10. \u00bfTiene tickets regalo?<\/b><\/p>\n<p>S\u00ed, ofrecemos <strong data-start=\"132\" data-end=\"159\">tickets regalo por valor<\/strong> , para que puedas sorprender a alguien con una experiencia en nuestro restaurante. Puedes regalar <strong data-start=\"251\" data-end=\"283\">la cantidad que desees<\/strong> y la persona podr\u00e1 utilizar el ticket como descuento total o parcial de su comida. <\/p>\n<p data-start=\"361\" data-end=\"653\">Contacta con nosotros para realizar la compra y personalizar el ticket.&nbsp;<span style=\"font-weight: bolder;\">&nbsp;<\/span><\/p>\n<p><b>&nbsp;<\/b><\/p>\n<p><b>\u2013<\/b><\/p>\n<h5><span style=\"font-weight: bolder;\">&nbsp;<\/span><\/h5>\n<h5><span style=\"font-weight: bolder;\">\u00bfTienes alguna otra consulta o sugerencia?<\/span><\/h5>\t\t\t\t\t\t<\/div>\n\t\t\t\t<\/div>\n\t\t\t\t<div class=\"elementor-element elementor-element-0f5af01 elementor-button-align-end elementor-widget elementor-widget-form\" data-id=\"0f5af01\" data-element_type=\"widget\" data-settings=\"{&quot;step_next_label&quot;:&quot;Next&quot;,&quot;step_previous_label&quot;:&quot;Previous&quot;,&quot;button_width&quot;:&quot;100&quot;,&quot;step_type&quot;:&quot;number_text&quot;,&quot;step_icon_shape&quot;:&quot;circle&quot;}\" data-widget_type=\"form.default\">\n\t\t\t\t<div class=\"elementor-widget-container\">\n\t\t\t\t\t<form class=\"elementor-form\" method=\"post\" id=\"contactform\" name=\"Contact Form\">\n\t\t\t<input type=\"hidden\" name=\"post_id\" value=\"977\"\/>\n\t\t\t<input type=\"hidden\" name=\"form_id\" value=\"0f5af01\"\/>\n\t\t\t<input type=\"hidden\" name=\"referer_title\" value=\"L&#8217;ESCULAPI | Restaurant-Pizzeria\" \/>\n\n\t\t\t\n\t\t\t<div class=\"elementor-form-fields-wrapper elementor-labels-\">\n\t\t\t\t\t\t\t\t<div class=\"elementor-field-type-text elementor-field-group elementor-column elementor-field-group-name elementor-col-100 elementor-field-required\">\n\t\t\t\t\t\t\t\t\t\t\t\t<label for=\"form-field-name\" class=\"elementor-field-label elementor-screen-only\">\n\t\t\t\t\t\t\t\tNombre y apellidos\t\t\t\t\t\t\t<\/label>\n\t\t\t\t\t\t\t\t\t\t\t\t\t\t<input size=\"1\" type=\"text\" name=\"form_fields[name]\" id=\"form-field-name\" class=\"elementor-field elementor-size-sm  elementor-field-textual\" placeholder=\"Nombre y apellidos\" required=\"required\" aria-required=\"true\">\n\t\t\t\t\t\t\t\t\t\t\t<\/div>\n\t\t\t\t\t\t\t\t<div class=\"elementor-field-type-email elementor-field-group elementor-column elementor-field-group-email elementor-col-100 elementor-field-required\">\n\t\t\t\t\t\t\t\t\t\t\t\t<label for=\"form-field-email\" class=\"elementor-field-label elementor-screen-only\">\n\t\t\t\t\t\t\t\tEmail\t\t\t\t\t\t\t<\/label>\n\t\t\t\t\t\t\t\t\t\t\t\t\t\t<input size=\"1\" type=\"email\" name=\"form_fields[email]\" id=\"form-field-email\" class=\"elementor-field elementor-size-sm  elementor-field-textual\" placeholder=\"Email\" required=\"required\" aria-required=\"true\">\n\t\t\t\t\t\t\t\t\t\t\t<\/div>\n\t\t\t\t\t\t\t\t<div class=\"elementor-field-type-tel elementor-field-group elementor-column elementor-field-group-tel elementor-col-100 elementor-field-required\">\n\t\t\t\t\t\t\t\t\t\t\t\t<label for=\"form-field-tel\" class=\"elementor-field-label elementor-screen-only\">\n\t\t\t\t\t\t\t\tTel\u00e9fono\t\t\t\t\t\t\t<\/label>\n\t\t\t\t\t\t\t\t<input size=\"1\" type=\"tel\" name=\"form_fields[tel]\" id=\"form-field-tel\" class=\"elementor-field elementor-size-sm  elementor-field-textual\" placeholder=\"Tel\u00e9fono\" required=\"required\" aria-required=\"true\" pattern=\"[0-9()#&amp;+*-=.]+\" title=\"Only numbers and phone characters (#, -, *, etc) are accepted.\">\n\n\t\t\t\t\t\t<\/div>\n\t\t\t\t\t\t\t\t<div class=\"elementor-field-type-textarea elementor-field-group elementor-column elementor-field-group-message elementor-col-100\">\n\t\t\t\t\t\t\t\t\t\t\t\t<label for=\"form-field-message\" class=\"elementor-field-label elementor-screen-only\">\n\t\t\t\t\t\t\t\tMensaje\t\t\t\t\t\t\t<\/label>\n\t\t\t\t\t\t<textarea class=\"elementor-field-textual elementor-field  elementor-size-sm\" name=\"form_fields[message]\" id=\"form-field-message\" rows=\"5\" placeholder=\"Mensaje\"><\/textarea>\t\t\t\t<\/div>\n\t\t\t\t\t\t\t\t<div class=\"elementor-field-type-recaptcha_v3 elementor-field-group elementor-column elementor-field-group-captcha elementor-col-100 recaptcha_v3-bottomright\">\n\t\t\t\t\t<div class=\"elementor-field\" id=\"form-field-captcha\"><div class=\"elementor-g-recaptcha\" data-sitekey=\"6LfXOq8mAAAAAOreqa6DNyGpmWZo9Xju2ZGxF5CK\" data-type=\"v3\" data-action=\"Form\" data-badge=\"bottomright\" data-size=\"invisible\"><\/div><\/div>\t\t\t\t<\/div>\n\t\t\t\t\t\t\t\t<div class=\"elementor-field-group elementor-column elementor-field-type-submit elementor-col-100 e-form__buttons\">\n\t\t\t\t\t<button type=\"submit\" class=\"elementor-button elementor-size-sm\">\n\t\t\t\t\t\t<span >\n\t\t\t\t\t\t\t\t\t\t\t\t\t\t\t<span class=\" elementor-button-icon\">\n\t\t\t\t\t\t\t\t\t\t\t\t\t\t\t\t\t\t\t\t\t\t\t\t\t\t<\/span>\n\t\t\t\t\t\t\t\t\t\t\t\t\t\t\t\t\t\t\t\t\t\t<span class=\"elementor-button-text\">ENVIAR<\/span>\n\t\t\t\t\t\t\t\t\t\t\t\t\t<\/span>\n\t\t\t\t\t<\/button>\n\t\t\t\t<\/div>\n\t\t\t<\/div>\n\t\t<\/form>\n\t\t\t\t<\/div>\n\t\t\t\t<\/div>\n\t\t\t\t\t<\/div>\n\t\t<\/div>\n\t\t\t\t<div class=\"elementor-column elementor-col-50 elementor-top-column elementor-element elementor-element-888e5fa\" data-id=\"888e5fa\" data-element_type=\"column\">\n\t\t\t<div class=\"elementor-widget-wrap elementor-element-populated\">\n\t\t\t\t\t\t<div class=\"elementor-element elementor-element-f21e6d6 elementor-widget elementor-widget-google_maps\" data-id=\"f21e6d6\" data-element_type=\"widget\" data-widget_type=\"google_maps.default\">\n\t\t\t\t<div class=\"elementor-widget-container\">\n\t\t\t\t\t<div class=\"elementor-custom-embed\">\n\t\t\t<iframe loading=\"lazy\"\n\t\t\t\t\tsrc=\"https:\/\/maps.google.com\/maps?q=L%27ESCULAPI%20Restaurant-Pizzeria&#038;t=m&#038;z=10&#038;output=embed&#038;iwloc=near\"\n\t\t\t\t\ttitle=\"L&#039;ESCULAPI Restaurant-Pizzeria\"\n\t\t\t\t\taria-label=\"L&#039;ESCULAPI Restaurant-Pizzeria\"\n\t\t\t><\/iframe>\n\t\t<\/div>\n\t\t\t\t<\/div>\n\t\t\t\t<\/div>\n\t\t\t\t\t<\/div>\n\t\t<\/div>\n\t\t\t\t\t<\/div>\n\t\t<\/section>\n\t\t\t\t<\/div>\n\t\t","protected":false},"excerpt":{"rendered":"<p>CONTACTO Pla\u00e7a Major, 1 Sant Mart\u00ed d&#8217;Emp\u00faries, L&#8217;Escala Reserva online o ll\u00e1manos al +34 972 77 00 53 info@lesculapi.com FAQs Reservas y horarios 1. \u00bfTengo que hacer reserva para venir a comer o cenar? Recomendamos reservar, sobre todo los fines de semana o festivos. Solo gestionamos reservas a trav\u00e9s de nuestro sistema de reservas de [&hellip;]<\/p>\n","protected":false},"author":2,"featured_media":0,"parent":0,"menu_order":0,"comment_status":"closed","ping_status":"closed","template":"elementor_header_footer","meta":{"footnotes":""},"class_list":["post-977","page","type-page","status-publish","hentry"],"yoast_head":"<!-- This site is optimized with the Yoast SEO plugin v23.5 - https:\/\/yoast.com\/wordpress\/plugins\/seo\/ -->\n<title>Contacto | L&#039;ESCULAPI | Restaurant-Pizzeria<\/title>\n<meta name=\"description\" content=\"Contacto L&#039;Esculapi - C\/Pla\u00e7a Major, 1 - Sant Mart\u00ed d&#039;Emp\u00faries - L&#039;Escala (17130) Tel\u00e9fono: +34 972770053 Mail: info@lesculapi.com\" \/>\n<meta name=\"robots\" content=\"index, follow, max-snippet:-1, max-image-preview:large, max-video-preview:-1\" \/>\n<link rel=\"canonical\" href=\"https:\/\/www.lesculapi.com\/contacte\/\" \/>\n<meta property=\"og:locale\" content=\"es_ES\" \/>\n<meta property=\"og:type\" content=\"article\" \/>\n<meta property=\"og:title\" content=\"Contacto | L&#039;ESCULAPI | Restaurant-Pizzeria\" \/>\n<meta property=\"og:description\" content=\"Contacto L&#039;Esculapi - C\/Pla\u00e7a Major, 1 - Sant Mart\u00ed d&#039;Emp\u00faries - L&#039;Escala (17130) Tel\u00e9fono: +34 972770053 Mail: info@lesculapi.com\" \/>\n<meta property=\"og:url\" content=\"https:\/\/www.lesculapi.com\/contacte\/\" \/>\n<meta property=\"og:site_name\" content=\"L&#039;ESCULAPI | Restaurant-Pizzeria\" \/>\n<meta property=\"article:publisher\" content=\"https:\/\/www.facebook.com\/lesculapi\" \/>\n<meta property=\"article:modified_time\" content=\"2025-07-07T09:14:42+00:00\" \/>\n<meta property=\"og:image\" content=\"https:\/\/www.lesculapi.com\/wp-content\/uploads\/2023\/05\/slider-home-5-scaled.jpg\" \/>\n\t<meta property=\"og:image:width\" content=\"2560\" \/>\n\t<meta property=\"og:image:height\" content=\"1707\" \/>\n\t<meta property=\"og:image:type\" content=\"image\/jpeg\" \/>\n<meta name=\"twitter:card\" content=\"summary_large_image\" \/>\n<meta name=\"twitter:label1\" content=\"Tiempo de lectura\" \/>\n\t<meta name=\"twitter:data1\" content=\"2 minutos\" \/>\n<script type=\"application\/ld+json\" class=\"yoast-schema-graph\">{\"@context\":\"https:\/\/schema.org\",\"@graph\":[{\"@type\":\"WebPage\",\"@id\":\"https:\/\/www.lesculapi.com\/contacte\/\",\"url\":\"https:\/\/www.lesculapi.com\/contacte\/\",\"name\":\"Contacto | L'ESCULAPI | Restaurant-Pizzeria\",\"isPartOf\":{\"@id\":\"https:\/\/www.lesculapi.com\/#website\"},\"datePublished\":\"2023-04-20T17:32:24+00:00\",\"dateModified\":\"2025-07-07T09:14:42+00:00\",\"description\":\"Contacto L'Esculapi - C\/Pla\u00e7a Major, 1 - Sant Mart\u00ed d'Emp\u00faries - L'Escala (17130) Tel\u00e9fono: +34 972770053 Mail: info@lesculapi.com\",\"breadcrumb\":{\"@id\":\"https:\/\/www.lesculapi.com\/contacte\/#breadcrumb\"},\"inLanguage\":\"es\",\"potentialAction\":[{\"@type\":\"ReadAction\",\"target\":[\"https:\/\/www.lesculapi.com\/contacte\/\"]}]},{\"@type\":\"BreadcrumbList\",\"@id\":\"https:\/\/www.lesculapi.com\/contacte\/#breadcrumb\",\"itemListElement\":[{\"@type\":\"ListItem\",\"position\":1,\"name\":\"Home\",\"item\":\"https:\/\/www.lesculapi.com\/es\/home\/\"},{\"@type\":\"ListItem\",\"position\":2,\"name\":\"Contacto\"}]},{\"@type\":\"WebSite\",\"@id\":\"https:\/\/www.lesculapi.com\/#website\",\"url\":\"https:\/\/www.lesculapi.com\/\",\"name\":\"L'ESCULAPI Restaurant-Pizzeria\",\"description\":\"Restaurant-Pizzeria\",\"publisher\":{\"@id\":\"https:\/\/www.lesculapi.com\/#organization\"},\"potentialAction\":[{\"@type\":\"SearchAction\",\"target\":{\"@type\":\"EntryPoint\",\"urlTemplate\":\"https:\/\/www.lesculapi.com\/?s={search_term_string}\"},\"query-input\":{\"@type\":\"PropertyValueSpecification\",\"valueRequired\":true,\"valueName\":\"search_term_string\"}}],\"inLanguage\":\"es\"},{\"@type\":\"Organization\",\"@id\":\"https:\/\/www.lesculapi.com\/#organization\",\"name\":\"L'ESCULAPI Restaurant-Pizzeria\",\"url\":\"https:\/\/www.lesculapi.com\/\",\"logo\":{\"@type\":\"ImageObject\",\"inLanguage\":\"es\",\"@id\":\"https:\/\/www.lesculapi.com\/#\/schema\/logo\/image\/\",\"url\":\"http:\/\/www.lesculapi.com\/wp-content\/uploads\/2023\/06\/logo_esculapi2-6.png\",\"contentUrl\":\"http:\/\/www.lesculapi.com\/wp-content\/uploads\/2023\/06\/logo_esculapi2-6.png\",\"width\":250,\"height\":80,\"caption\":\"L'ESCULAPI Restaurant-Pizzeria\"},\"image\":{\"@id\":\"https:\/\/www.lesculapi.com\/#\/schema\/logo\/image\/\"},\"sameAs\":[\"https:\/\/www.facebook.com\/lesculapi\",\"https:\/\/www.instagram.com\/lesculapi\/\"]}]}<\/script>\n<!-- \/ Yoast SEO plugin. -->","yoast_head_json":{"title":"Contacto | L'ESCULAPI | Restaurant-Pizzeria","description":"Contacto L'Esculapi - C\/Pla\u00e7a Major, 1 - Sant Mart\u00ed d'Emp\u00faries - L'Escala (17130) Tel\u00e9fono: +34 972770053 Mail: info@lesculapi.com","robots":{"index":"index","follow":"follow","max-snippet":"max-snippet:-1","max-image-preview":"max-image-preview:large","max-video-preview":"max-video-preview:-1"},"canonical":"https:\/\/www.lesculapi.com\/contacte\/","og_locale":"es_ES","og_type":"article","og_title":"Contacto | L'ESCULAPI | Restaurant-Pizzeria","og_description":"Contacto L'Esculapi - C\/Pla\u00e7a Major, 1 - Sant Mart\u00ed d'Emp\u00faries - L'Escala (17130) Tel\u00e9fono: +34 972770053 Mail: info@lesculapi.com","og_url":"https:\/\/www.lesculapi.com\/contacte\/","og_site_name":"L'ESCULAPI | Restaurant-Pizzeria","article_publisher":"https:\/\/www.facebook.com\/lesculapi","article_modified_time":"2025-07-07T09:14:42+00:00","og_image":[{"width":2560,"height":1707,"url":"https:\/\/www.lesculapi.com\/wp-content\/uploads\/2023\/05\/slider-home-5-scaled.jpg","type":"image\/jpeg"}],"twitter_card":"summary_large_image","twitter_misc":{"Tiempo de lectura":"2 minutos"},"schema":{"@context":"https:\/\/schema.org","@graph":[{"@type":"WebPage","@id":"https:\/\/www.lesculapi.com\/contacte\/","url":"https:\/\/www.lesculapi.com\/contacte\/","name":"Contacto | L'ESCULAPI | Restaurant-Pizzeria","isPartOf":{"@id":"https:\/\/www.lesculapi.com\/#website"},"datePublished":"2023-04-20T17:32:24+00:00","dateModified":"2025-07-07T09:14:42+00:00","description":"Contacto L'Esculapi - C\/Pla\u00e7a Major, 1 - Sant Mart\u00ed d'Emp\u00faries - L'Escala (17130) Tel\u00e9fono: +34 972770053 Mail: info@lesculapi.com","breadcrumb":{"@id":"https:\/\/www.lesculapi.com\/contacte\/#breadcrumb"},"inLanguage":"es","potentialAction":[{"@type":"ReadAction","target":["https:\/\/www.lesculapi.com\/contacte\/"]}]},{"@type":"BreadcrumbList","@id":"https:\/\/www.lesculapi.com\/contacte\/#breadcrumb","itemListElement":[{"@type":"ListItem","position":1,"name":"Home","item":"https:\/\/www.lesculapi.com\/es\/home\/"},{"@type":"ListItem","position":2,"name":"Contacto"}]},{"@type":"WebSite","@id":"https:\/\/www.lesculapi.com\/#website","url":"https:\/\/www.lesculapi.com\/","name":"L'ESCULAPI Restaurant-Pizzeria","description":"Restaurant-Pizzeria","publisher":{"@id":"https:\/\/www.lesculapi.com\/#organization"},"potentialAction":[{"@type":"SearchAction","target":{"@type":"EntryPoint","urlTemplate":"https:\/\/www.lesculapi.com\/?s={search_term_string}"},"query-input":{"@type":"PropertyValueSpecification","valueRequired":true,"valueName":"search_term_string"}}],"inLanguage":"es"},{"@type":"Organization","@id":"https:\/\/www.lesculapi.com\/#organization","name":"L'ESCULAPI Restaurant-Pizzeria","url":"https:\/\/www.lesculapi.com\/","logo":{"@type":"ImageObject","inLanguage":"es","@id":"https:\/\/www.lesculapi.com\/#\/schema\/logo\/image\/","url":"http:\/\/www.lesculapi.com\/wp-content\/uploads\/2023\/06\/logo_esculapi2-6.png","contentUrl":"http:\/\/www.lesculapi.com\/wp-content\/uploads\/2023\/06\/logo_esculapi2-6.png","width":250,"height":80,"caption":"L'ESCULAPI Restaurant-Pizzeria"},"image":{"@id":"https:\/\/www.lesculapi.com\/#\/schema\/logo\/image\/"},"sameAs":["https:\/\/www.facebook.com\/lesculapi","https:\/\/www.instagram.com\/lesculapi\/"]}]}},"_links":{"self":[{"href":"https:\/\/www.lesculapi.com\/es\/wp-json\/wp\/v2\/pages\/977"}],"collection":[{"href":"https:\/\/www.lesculapi.com\/es\/wp-json\/wp\/v2\/pages"}],"about":[{"href":"https:\/\/www.lesculapi.com\/es\/wp-json\/wp\/v2\/types\/page"}],"author":[{"embeddable":true,"href":"https:\/\/www.lesculapi.com\/es\/wp-json\/wp\/v2\/users\/2"}],"replies":[{"embeddable":true,"href":"https:\/\/www.lesculapi.com\/es\/wp-json\/wp\/v2\/comments?post=977"}],"version-history":[{"count":15,"href":"https:\/\/www.lesculapi.com\/es\/wp-json\/wp\/v2\/pages\/977\/revisions"}],"predecessor-version":[{"id":1747,"href":"https:\/\/www.lesculapi.com\/es\/wp-json\/wp\/v2\/pages\/977\/revisions\/1747"}],"wp:attachment":[{"href":"https:\/\/www.lesculapi.com\/es\/wp-json\/wp\/v2\/media?parent=977"}],"curies":[{"name":"wp","href":"https:\/\/api.w.org\/{rel}","templated":true}]}}