{"id":994,"date":"2023-06-01T08:13:47","date_gmt":"2023-06-01T06:13:47","guid":{"rendered":"https:\/\/www.lesculapi.com\/reserva\/"},"modified":"2023-06-16T12:29:07","modified_gmt":"2023-06-16T10:29:07","slug":"reserva","status":"publish","type":"page","link":"https:\/\/www.lesculapi.com\/es\/reserva\/","title":{"rendered":"Reserva"},"content":{"rendered":"\t\t<div data-elementor-type=\"wp-page\" data-elementor-id=\"994\" class=\"elementor elementor-994 elementor-625\">\n\t\t\t\t\t\t<section class=\"elementor-section elementor-top-section elementor-element elementor-element-04de03c elementor-section-height-min-height elementor-section-boxed elementor-section-height-default elementor-section-items-middle\" data-id=\"04de03c\" data-element_type=\"section\" data-settings=\"{&quot;background_background&quot;:&quot;classic&quot;,&quot;_ob_glider_is_slider&quot;:&quot;no&quot;}\">\n\t\t\t\t\t\t\t<div class=\"elementor-background-overlay\"><\/div>\n\t\t\t\t\t\t\t<div class=\"elementor-container elementor-column-gap-default\">\n\t\t\t\t\t<div class=\"elementor-column elementor-col-100 elementor-top-column elementor-element elementor-element-2017c1d\" data-id=\"2017c1d\" data-element_type=\"column\">\n\t\t\t<div class=\"elementor-widget-wrap elementor-element-populated\">\n\t\t\t\t\t\t<div class=\"elementor-element elementor-element-eba9819 elementor-widget elementor-widget-heading\" data-id=\"eba9819\" data-element_type=\"widget\" data-widget_type=\"heading.default\">\n\t\t\t\t<div class=\"elementor-widget-container\">\n\t\t\t<h2 class=\"elementor-heading-title elementor-size-default\">RESERVAS<\/h2>\t\t<\/div>\n\t\t\t\t<\/div>\n\t\t\t\t\t<\/div>\n\t\t<\/div>\n\t\t\t\t\t<\/div>\n\t\t<\/section>\n\t\t\t\t<section class=\"elementor-section elementor-top-section elementor-element elementor-element-6d8e10e elementor-section-boxed elementor-section-height-default elementor-section-height-default\" data-id=\"6d8e10e\" data-element_type=\"section\" data-settings=\"{&quot;_ob_glider_is_slider&quot;:&quot;no&quot;}\">\n\t\t\t\t\t\t<div class=\"elementor-container elementor-column-gap-default\">\n\t\t\t\t\t<div class=\"elementor-column elementor-col-100 elementor-top-column elementor-element elementor-element-af7b3a8\" data-id=\"af7b3a8\" data-element_type=\"column\">\n\t\t\t<div class=\"elementor-widget-wrap elementor-element-populated\">\n\t\t\t\t\t\t<div class=\"elementor-element elementor-element-43b1670 elementor-widget elementor-widget-html\" data-id=\"43b1670\" data-element_type=\"widget\" data-widget_type=\"html.default\">\n\t\t\t\t<div class=\"elementor-widget-container\">\n\t\t\t<script type=\"text\/javascript\"\n                                                                                               src=\"https:\/\/www.covermanager.com\/js\/iframeResizer.min.js\"><\/script><iframe\n                                                                    id=\"restaurante-esculapi\" title=\"Reservas\"\n                                                                    src=\"https:\/\/www.covermanager.com\/reserve\/module_restaurant\/restaurante-esculapi\/spanish\"\n                                                                    frameborder=\"0\" height=\"550\" width=\"100%\" onload=\"iFrameResize();\"><\/iframe>\t\t<\/div>\n\t\t\t\t<\/div>\n\t\t\t\t\t<\/div>\n\t\t<\/div>\n\t\t\t\t\t<\/div>\n\t\t<\/section>\n\t\t\t\t<section class=\"elementor-section elementor-top-section elementor-element elementor-element-4482174 elementor-section-boxed elementor-section-height-default elementor-section-height-default\" data-id=\"4482174\" data-element_type=\"section\" data-settings=\"{&quot;_ob_glider_is_slider&quot;:&quot;no&quot;}\">\n\t\t\t\t\t\t<div class=\"elementor-container elementor-column-gap-default\">\n\t\t\t\t\t<div class=\"elementor-column elementor-col-100 elementor-top-column elementor-element elementor-element-d0a5431\" data-id=\"d0a5431\" data-element_type=\"column\">\n\t\t\t<div class=\"elementor-widget-wrap elementor-element-populated\">\n\t\t\t\t\t\t<div class=\"elementor-element elementor-element-18af45c elementor-widget elementor-widget-text-editor\" data-id=\"18af45c\" data-element_type=\"widget\" data-widget_type=\"text-editor.default\">\n\t\t\t\t<div class=\"elementor-widget-container\">\n\t\t\t\t\t\t\t<p><strong>CONDICIONES DE RESERVA:<\/strong><\/p>\n<ul>\n<li>\n<p class=\"p1\"><b>Dispone de la mesa durante <span style=\"text-decoration: underline;\">2 horas<\/span><\/b> <span style=\"text-decoration: underline;\">desde la hora de la reserva<\/span> .<\/p>\n<\/li>\n<li>\n<p class=\"p1\"><b>Rogamos puntualidad<\/b> , pasados <span style=\"text-decoration: underline;\">\u200b\u200b15 minutos<\/span> , la reserva quedar\u00e1 anulada autom\u00e1ticamente.<\/p>\n<\/li>\n<li>\n<p class=\"p1\"><b>No juntamos mesas<\/b> . S\u00f3lo disponemos de 1 mesa por m\u00e1ximo 8 personas (por servicio y turno). Debido a la limitaci\u00f3n en el espacio y para poder ofrecer un mejor servicio a todos\/as nuestros clientes\/as, no podemos recibir grupos m\u00e1s numerosos<\/p>\n<p class=\"p1\">No gestionamos peticiones personales. <b>Nos reservamos el derecho de cancelaci\u00f3n<\/b> en caso de indicar en notas\/comentarios un n\u00famero diferente de asistentes a la reserva, o reservar para un mismo d\u00eda y hora con los mismos datos.<\/p>\n<\/li>\n<li>\n<p class=\"p1\"><b>No gestionamos reservas a trav\u00e9s de correo electr\u00f3nico ni redes sociales.<\/b> Solo aceptamos reservas por tel\u00e9fono oa trav\u00e9s de nuestra p\u00e1gina web.<\/p>\n<\/li>\n<\/ul><\/p>\n\t\t\t\t\t\t<\/div>\n\t\t\t\t<\/div>\n\t\t\t\t\t<\/div>\n\t\t<\/div>\n\t\t\t\t\t<\/div>\n\t\t<\/section>\n\t\t\t\t<\/div>\n\t\t","protected":false},"excerpt":{"rendered":"<p>RESERVAS CONDICIONES DE RESERVA: Dispone de la mesa durante 2 horas desde la hora de la reserva . Rogamos puntualidad , pasados \u200b\u200b15 minutos , la reserva quedar\u00e1 anulada autom\u00e1ticamente. No juntamos mesas . S\u00f3lo disponemos de 1 mesa por m\u00e1ximo 8 personas (por servicio y turno). Debido a la limitaci\u00f3n en el espacio y [&hellip;]<\/p>\n","protected":false},"author":1,"featured_media":0,"parent":0,"menu_order":0,"comment_status":"closed","ping_status":"closed","template":"elementor_header_footer","meta":{"footnotes":""},"class_list":["post-994","page","type-page","status-publish","hentry"],"yoast_head":"<!-- This site is optimized with the Yoast SEO plugin v23.5 - https:\/\/yoast.com\/wordpress\/plugins\/seo\/ -->\n<title>Reservas | L&#039;ESCULAPI | Restaurant-Pizzeria<\/title>\n<meta name=\"description\" content=\"Reserva tu mesa en L&#039;ESCULAPI Restaurant-Pizzeria de Sant Mart\u00ed de Emp\u00faries Tel\u00e9fono: +34 972 77 00 53 Mail: info@esculapi.com\" \/>\n<meta name=\"robots\" content=\"index, follow, max-snippet:-1, max-image-preview:large, max-video-preview:-1\" \/>\n<link rel=\"canonical\" href=\"https:\/\/www.lesculapi.com\/reserves\/\" \/>\n<meta property=\"og:locale\" content=\"es_ES\" \/>\n<meta property=\"og:type\" content=\"article\" \/>\n<meta property=\"og:title\" content=\"Reservas | L&#039;ESCULAPI | Restaurant-Pizzeria\" \/>\n<meta property=\"og:description\" content=\"Reserva tu mesa en L&#039;ESCULAPI Restaurant-Pizzeria de Sant Mart\u00ed de Emp\u00faries Tel\u00e9fono: +34 972 77 00 53 Mail: info@esculapi.com\" \/>\n<meta property=\"og:url\" content=\"https:\/\/www.lesculapi.com\/reserves\/\" \/>\n<meta property=\"og:site_name\" content=\"L&#039;ESCULAPI | Restaurant-Pizzeria\" \/>\n<meta property=\"article:publisher\" content=\"https:\/\/www.facebook.com\/lesculapi\" \/>\n<meta property=\"article:modified_time\" content=\"2023-06-16T10:29:07+00:00\" \/>\n<meta property=\"og:image\" content=\"https:\/\/www.lesculapi.com\/wp-content\/uploads\/2023\/05\/slider-home-5-scaled.jpg\" \/>\n\t<meta property=\"og:image:width\" content=\"2560\" \/>\n\t<meta property=\"og:image:height\" content=\"1707\" \/>\n\t<meta property=\"og:image:type\" content=\"image\/jpeg\" \/>\n<meta name=\"twitter:card\" content=\"summary_large_image\" \/>\n<meta name=\"twitter:label1\" content=\"Tiempo de lectura\" \/>\n\t<meta name=\"twitter:data1\" content=\"1 minuto\" \/>\n<script type=\"application\/ld+json\" class=\"yoast-schema-graph\">{\"@context\":\"https:\/\/schema.org\",\"@graph\":[{\"@type\":\"WebPage\",\"@id\":\"https:\/\/www.lesculapi.com\/reserves\/\",\"url\":\"https:\/\/www.lesculapi.com\/reserves\/\",\"name\":\"Reservas | L'ESCULAPI | Restaurant-Pizzeria\",\"isPartOf\":{\"@id\":\"https:\/\/www.lesculapi.com\/#website\"},\"datePublished\":\"2023-06-01T06:13:47+00:00\",\"dateModified\":\"2023-06-16T10:29:07+00:00\",\"description\":\"Reserva tu mesa en L'ESCULAPI Restaurant-Pizzeria de Sant Mart\u00ed de Emp\u00faries Tel\u00e9fono: +34 972 77 00 53 Mail: info@esculapi.com\",\"breadcrumb\":{\"@id\":\"https:\/\/www.lesculapi.com\/reserves\/#breadcrumb\"},\"inLanguage\":\"es\",\"potentialAction\":[{\"@type\":\"ReadAction\",\"target\":[\"https:\/\/www.lesculapi.com\/reserves\/\"]}]},{\"@type\":\"BreadcrumbList\",\"@id\":\"https:\/\/www.lesculapi.com\/reserves\/#breadcrumb\",\"itemListElement\":[{\"@type\":\"ListItem\",\"position\":1,\"name\":\"Home\",\"item\":\"https:\/\/www.lesculapi.com\/es\/home\/\"},{\"@type\":\"ListItem\",\"position\":2,\"name\":\"Reserva\"}]},{\"@type\":\"WebSite\",\"@id\":\"https:\/\/www.lesculapi.com\/#website\",\"url\":\"https:\/\/www.lesculapi.com\/\",\"name\":\"L'ESCULAPI Restaurant-Pizzeria\",\"description\":\"Restaurant-Pizzeria\",\"publisher\":{\"@id\":\"https:\/\/www.lesculapi.com\/#organization\"},\"potentialAction\":[{\"@type\":\"SearchAction\",\"target\":{\"@type\":\"EntryPoint\",\"urlTemplate\":\"https:\/\/www.lesculapi.com\/?s={search_term_string}\"},\"query-input\":{\"@type\":\"PropertyValueSpecification\",\"valueRequired\":true,\"valueName\":\"search_term_string\"}}],\"inLanguage\":\"es\"},{\"@type\":\"Organization\",\"@id\":\"https:\/\/www.lesculapi.com\/#organization\",\"name\":\"L'ESCULAPI Restaurant-Pizzeria\",\"url\":\"https:\/\/www.lesculapi.com\/\",\"logo\":{\"@type\":\"ImageObject\",\"inLanguage\":\"es\",\"@id\":\"https:\/\/www.lesculapi.com\/#\/schema\/logo\/image\/\",\"url\":\"http:\/\/www.lesculapi.com\/wp-content\/uploads\/2023\/06\/logo_esculapi2-6.png\",\"contentUrl\":\"http:\/\/www.lesculapi.com\/wp-content\/uploads\/2023\/06\/logo_esculapi2-6.png\",\"width\":250,\"height\":80,\"caption\":\"L'ESCULAPI Restaurant-Pizzeria\"},\"image\":{\"@id\":\"https:\/\/www.lesculapi.com\/#\/schema\/logo\/image\/\"},\"sameAs\":[\"https:\/\/www.facebook.com\/lesculapi\",\"https:\/\/www.instagram.com\/lesculapi\/\"]}]}<\/script>\n<!-- \/ Yoast SEO plugin. -->","yoast_head_json":{"title":"Reservas | L'ESCULAPI | Restaurant-Pizzeria","description":"Reserva tu mesa en L'ESCULAPI Restaurant-Pizzeria de Sant Mart\u00ed de Emp\u00faries Tel\u00e9fono: +34 972 77 00 53 Mail: info@esculapi.com","robots":{"index":"index","follow":"follow","max-snippet":"max-snippet:-1","max-image-preview":"max-image-preview:large","max-video-preview":"max-video-preview:-1"},"canonical":"https:\/\/www.lesculapi.com\/reserves\/","og_locale":"es_ES","og_type":"article","og_title":"Reservas | L'ESCULAPI | Restaurant-Pizzeria","og_description":"Reserva tu mesa en L'ESCULAPI Restaurant-Pizzeria de Sant Mart\u00ed de Emp\u00faries Tel\u00e9fono: +34 972 77 00 53 Mail: info@esculapi.com","og_url":"https:\/\/www.lesculapi.com\/reserves\/","og_site_name":"L'ESCULAPI | Restaurant-Pizzeria","article_publisher":"https:\/\/www.facebook.com\/lesculapi","article_modified_time":"2023-06-16T10:29:07+00:00","og_image":[{"width":2560,"height":1707,"url":"https:\/\/www.lesculapi.com\/wp-content\/uploads\/2023\/05\/slider-home-5-scaled.jpg","type":"image\/jpeg"}],"twitter_card":"summary_large_image","twitter_misc":{"Tiempo de lectura":"1 minuto"},"schema":{"@context":"https:\/\/schema.org","@graph":[{"@type":"WebPage","@id":"https:\/\/www.lesculapi.com\/reserves\/","url":"https:\/\/www.lesculapi.com\/reserves\/","name":"Reservas | L'ESCULAPI | Restaurant-Pizzeria","isPartOf":{"@id":"https:\/\/www.lesculapi.com\/#website"},"datePublished":"2023-06-01T06:13:47+00:00","dateModified":"2023-06-16T10:29:07+00:00","description":"Reserva tu mesa en L'ESCULAPI Restaurant-Pizzeria de Sant Mart\u00ed de Emp\u00faries Tel\u00e9fono: +34 972 77 00 53 Mail: info@esculapi.com","breadcrumb":{"@id":"https:\/\/www.lesculapi.com\/reserves\/#breadcrumb"},"inLanguage":"es","potentialAction":[{"@type":"ReadAction","target":["https:\/\/www.lesculapi.com\/reserves\/"]}]},{"@type":"BreadcrumbList","@id":"https:\/\/www.lesculapi.com\/reserves\/#breadcrumb","itemListElement":[{"@type":"ListItem","position":1,"name":"Home","item":"https:\/\/www.lesculapi.com\/es\/home\/"},{"@type":"ListItem","position":2,"name":"Reserva"}]},{"@type":"WebSite","@id":"https:\/\/www.lesculapi.com\/#website","url":"https:\/\/www.lesculapi.com\/","name":"L'ESCULAPI Restaurant-Pizzeria","description":"Restaurant-Pizzeria","publisher":{"@id":"https:\/\/www.lesculapi.com\/#organization"},"potentialAction":[{"@type":"SearchAction","target":{"@type":"EntryPoint","urlTemplate":"https:\/\/www.lesculapi.com\/?s={search_term_string}"},"query-input":{"@type":"PropertyValueSpecification","valueRequired":true,"valueName":"search_term_string"}}],"inLanguage":"es"},{"@type":"Organization","@id":"https:\/\/www.lesculapi.com\/#organization","name":"L'ESCULAPI Restaurant-Pizzeria","url":"https:\/\/www.lesculapi.com\/","logo":{"@type":"ImageObject","inLanguage":"es","@id":"https:\/\/www.lesculapi.com\/#\/schema\/logo\/image\/","url":"http:\/\/www.lesculapi.com\/wp-content\/uploads\/2023\/06\/logo_esculapi2-6.png","contentUrl":"http:\/\/www.lesculapi.com\/wp-content\/uploads\/2023\/06\/logo_esculapi2-6.png","width":250,"height":80,"caption":"L'ESCULAPI Restaurant-Pizzeria"},"image":{"@id":"https:\/\/www.lesculapi.com\/#\/schema\/logo\/image\/"},"sameAs":["https:\/\/www.facebook.com\/lesculapi","https:\/\/www.instagram.com\/lesculapi\/"]}]}},"_links":{"self":[{"href":"https:\/\/www.lesculapi.com\/es\/wp-json\/wp\/v2\/pages\/994"}],"collection":[{"href":"https:\/\/www.lesculapi.com\/es\/wp-json\/wp\/v2\/pages"}],"about":[{"href":"https:\/\/www.lesculapi.com\/es\/wp-json\/wp\/v2\/types\/page"}],"author":[{"embeddable":true,"href":"https:\/\/www.lesculapi.com\/es\/wp-json\/wp\/v2\/users\/1"}],"replies":[{"embeddable":true,"href":"https:\/\/www.lesculapi.com\/es\/wp-json\/wp\/v2\/comments?post=994"}],"version-history":[{"count":5,"href":"https:\/\/www.lesculapi.com\/es\/wp-json\/wp\/v2\/pages\/994\/revisions"}],"predecessor-version":[{"id":1031,"href":"https:\/\/www.lesculapi.com\/es\/wp-json\/wp\/v2\/pages\/994\/revisions\/1031"}],"wp:attachment":[{"href":"https:\/\/www.lesculapi.com\/es\/wp-json\/wp\/v2\/media?parent=994"}],"curies":[{"name":"wp","href":"https:\/\/api.w.org\/{rel}","templated":true}]}}