{"id":963,"date":"2023-06-01T08:13:47","date_gmt":"2023-06-01T06:13:47","guid":{"rendered":"https:\/\/www.lesculapi.com\/reservation\/"},"modified":"2023-06-19T14:55:49","modified_gmt":"2023-06-19T12:55:49","slug":"reservation","status":"publish","type":"page","link":"https:\/\/www.lesculapi.com\/fr\/reservation\/","title":{"rendered":"R\u00e9servation"},"content":{"rendered":"\t\t<div data-elementor-type=\"wp-page\" data-elementor-id=\"963\" class=\"elementor elementor-963 elementor-625\">\n\t\t\t\t\t\t<section class=\"elementor-section elementor-top-section elementor-element elementor-element-04de03c elementor-section-height-min-height elementor-section-boxed elementor-section-height-default elementor-section-items-middle\" data-id=\"04de03c\" data-element_type=\"section\" data-settings=\"{&quot;background_background&quot;:&quot;classic&quot;,&quot;_ob_glider_is_slider&quot;:&quot;no&quot;}\">\n\t\t\t\t\t\t\t<div class=\"elementor-background-overlay\"><\/div>\n\t\t\t\t\t\t\t<div class=\"elementor-container elementor-column-gap-default\">\n\t\t\t\t\t<div class=\"elementor-column elementor-col-100 elementor-top-column elementor-element elementor-element-2017c1d\" data-id=\"2017c1d\" data-element_type=\"column\">\n\t\t\t<div class=\"elementor-widget-wrap elementor-element-populated\">\n\t\t\t\t\t\t<div class=\"elementor-element elementor-element-eba9819 elementor-widget elementor-widget-heading\" data-id=\"eba9819\" data-element_type=\"widget\" data-widget_type=\"heading.default\">\n\t\t\t\t<div class=\"elementor-widget-container\">\n\t\t\t<h2 class=\"elementor-heading-title elementor-size-default\">R\u00c9SERVATIONS<\/h2>\t\t<\/div>\n\t\t\t\t<\/div>\n\t\t\t\t\t<\/div>\n\t\t<\/div>\n\t\t\t\t\t<\/div>\n\t\t<\/section>\n\t\t\t\t<section class=\"elementor-section elementor-top-section elementor-element elementor-element-6d8e10e elementor-section-boxed elementor-section-height-default elementor-section-height-default\" data-id=\"6d8e10e\" data-element_type=\"section\" data-settings=\"{&quot;_ob_glider_is_slider&quot;:&quot;no&quot;}\">\n\t\t\t\t\t\t<div class=\"elementor-container elementor-column-gap-default\">\n\t\t\t\t\t<div class=\"elementor-column elementor-col-100 elementor-top-column elementor-element elementor-element-af7b3a8\" data-id=\"af7b3a8\" data-element_type=\"column\">\n\t\t\t<div class=\"elementor-widget-wrap elementor-element-populated\">\n\t\t\t\t\t\t<div class=\"elementor-element elementor-element-43b1670 elementor-widget elementor-widget-html\" data-id=\"43b1670\" data-element_type=\"widget\" data-widget_type=\"html.default\">\n\t\t\t\t<div class=\"elementor-widget-container\">\n\t\t\t<script type=\"text\/javascript\"\n                                                                                               src=\"https:\/\/www.covermanager.com\/js\/iframeResizer.min.js\"><\/script><iframe\n                                                                    id=\"restaurante-esculapi\" title=\"Reservas\"\n                                                                    src=\"https:\/\/www.covermanager.com\/reserve\/module_restaurant\/restaurante-esculapi\/french\"\n                                                                    frameborder=\"0\" height=\"550\" width=\"100%\" onload=\"iFrameResize();\"><\/iframe>\t\t<\/div>\n\t\t\t\t<\/div>\n\t\t\t\t\t<\/div>\n\t\t<\/div>\n\t\t\t\t\t<\/div>\n\t\t<\/section>\n\t\t\t\t<section class=\"elementor-section elementor-top-section elementor-element elementor-element-4482174 elementor-section-boxed elementor-section-height-default elementor-section-height-default\" data-id=\"4482174\" data-element_type=\"section\" data-settings=\"{&quot;_ob_glider_is_slider&quot;:&quot;no&quot;}\">\n\t\t\t\t\t\t<div class=\"elementor-container elementor-column-gap-default\">\n\t\t\t\t\t<div class=\"elementor-column elementor-col-100 elementor-top-column elementor-element elementor-element-d0a5431\" data-id=\"d0a5431\" data-element_type=\"column\">\n\t\t\t<div class=\"elementor-widget-wrap elementor-element-populated\">\n\t\t\t\t\t\t<div class=\"elementor-element elementor-element-18af45c elementor-widget elementor-widget-text-editor\" data-id=\"18af45c\" data-element_type=\"widget\" data-widget_type=\"text-editor.default\">\n\t\t\t\t<div class=\"elementor-widget-container\">\n\t\t\t\t\t\t\t<p><strong>CONDITIONS DE R\u00c9SERVATION :<\/strong><\/p>\n<ul>\n<li>\n<p class=\"p1\"><b>La table est disponible pendant <span style=\"text-decoration: underline;\">2 heures<\/span><\/b> <span style=\"text-decoration: underline;\">\u00e0 partir du moment de la r\u00e9servation<\/span> .<\/p>\n<\/li>\n<li>\n<p class=\"p1\"><b>Nous demandons la ponctualit\u00e9<\/b> , pass\u00e9 <span style=\"text-decoration: underline;\">15 minutes<\/span> , la r\u00e9servation sera automatiquement annul\u00e9e.<\/p>\n<\/li>\n<li>\n<p class=\"p1\"><b>Nous ne mettons pas les tables ensemble<\/b> . Nous n&rsquo;avons qu&rsquo;une seule table pour un maximum de 8 personnes (par service et quart de travail). En raison de contraintes d&rsquo;espace et afin d&rsquo;offrir un meilleur service \u00e0 tous nos clients, nous ne pouvons pas recevoir de groupes plus importants<\/p>\n<p class=\"p1\">Nous ne traitons pas les demandes personnelles. <b>Nous nous r\u00e9servons le droit d&rsquo;annuler<\/b> en cas d&rsquo;indication dans les notes\/commentaires d&rsquo;un nombre diff\u00e9rent de personnes participant \u00e0 la r\u00e9servation, ou d&rsquo;une r\u00e9servation pour le m\u00eame jour et la m\u00eame heure avec les m\u00eames donn\u00e9es.<\/p>\n<\/li>\n<li>\n<p class=\"p1\"><b>Nous ne g\u00e9rons pas les r\u00e9servations par e-mail ou via les r\u00e9seaux sociaux.<\/b> Nous n&rsquo;acceptons que les r\u00e9servations par t\u00e9l\u00e9phone ou via notre site internet.<\/p>\n<\/li>\n<\/ul><\/p>\n\t\t\t\t\t\t<\/div>\n\t\t\t\t<\/div>\n\t\t\t\t\t<\/div>\n\t\t<\/div>\n\t\t\t\t\t<\/div>\n\t\t<\/section>\n\t\t\t\t<\/div>\n\t\t","protected":false},"excerpt":{"rendered":"<p>R\u00c9SERVATIONS CONDITIONS DE R\u00c9SERVATION : La table est disponible pendant 2 heures \u00e0 partir du moment de la r\u00e9servation . Nous demandons la ponctualit\u00e9 , pass\u00e9 15 minutes , la r\u00e9servation sera automatiquement annul\u00e9e. Nous ne mettons pas les tables ensemble . Nous n&rsquo;avons qu&rsquo;une seule table pour un maximum de 8 personnes (par service [&hellip;]<\/p>\n","protected":false},"author":1,"featured_media":0,"parent":0,"menu_order":0,"comment_status":"closed","ping_status":"closed","template":"elementor_header_footer","meta":{"footnotes":""},"class_list":["post-963","page","type-page","status-publish","hentry"],"yoast_head":"<!-- This site is optimized with the Yoast SEO plugin v23.5 - https:\/\/yoast.com\/wordpress\/plugins\/seo\/ -->\n<title>R\u00e9servations | L&#039;ESCULAPI | Restaurant-Pizzeria<\/title>\n<meta name=\"description\" content=\"R\u00e9servez votre table au L&#039;ESCULAPI Restaurant-Pizzeria \u00e0 Sant Mart\u00ed d&#039;Emp\u00faries T\u00e9l\u00e9phone : +34 972 77 00 53 Mail : info@esculapi.com\" \/>\n<meta name=\"robots\" content=\"index, follow, max-snippet:-1, max-image-preview:large, max-video-preview:-1\" \/>\n<link rel=\"canonical\" href=\"https:\/\/www.lesculapi.com\/fr\/reservation\/\" \/>\n<meta property=\"og:locale\" content=\"fr_FR\" \/>\n<meta property=\"og:type\" content=\"article\" \/>\n<meta property=\"og:title\" content=\"R\u00e9servations | L&#039;ESCULAPI | Restaurant-Pizzeria\" \/>\n<meta property=\"og:description\" content=\"R\u00e9servez votre table au L&#039;ESCULAPI Restaurant-Pizzeria \u00e0 Sant Mart\u00ed d&#039;Emp\u00faries T\u00e9l\u00e9phone : +34 972 77 00 53 Mail : info@esculapi.com\" \/>\n<meta property=\"og:url\" content=\"https:\/\/www.lesculapi.com\/fr\/reservation\/\" \/>\n<meta property=\"og:site_name\" content=\"L&#039;ESCULAPI | Restaurant-Pizzeria\" \/>\n<meta property=\"article:publisher\" content=\"https:\/\/www.facebook.com\/lesculapi\" \/>\n<meta property=\"article:modified_time\" content=\"2023-06-19T12:55:49+00:00\" \/>\n<meta property=\"og:image\" content=\"https:\/\/www.lesculapi.com\/wp-content\/uploads\/2023\/05\/slider-home-5-scaled.jpg\" \/>\n\t<meta property=\"og:image:width\" content=\"2560\" \/>\n\t<meta property=\"og:image:height\" content=\"1707\" \/>\n\t<meta property=\"og:image:type\" content=\"image\/jpeg\" \/>\n<meta name=\"twitter:card\" content=\"summary_large_image\" \/>\n<meta name=\"twitter:label1\" content=\"Dur\u00e9e de lecture estim\u00e9e\" \/>\n\t<meta name=\"twitter:data1\" content=\"1 minute\" \/>\n<script type=\"application\/ld+json\" class=\"yoast-schema-graph\">{\"@context\":\"https:\/\/schema.org\",\"@graph\":[{\"@type\":\"WebPage\",\"@id\":\"https:\/\/www.lesculapi.com\/fr\/reservation\/\",\"url\":\"https:\/\/www.lesculapi.com\/fr\/reservation\/\",\"name\":\"R\u00e9servations | L'ESCULAPI | Restaurant-Pizzeria\",\"isPartOf\":{\"@id\":\"https:\/\/www.lesculapi.com\/#website\"},\"datePublished\":\"2023-06-01T06:13:47+00:00\",\"dateModified\":\"2023-06-19T12:55:49+00:00\",\"description\":\"R\u00e9servez votre table au L'ESCULAPI Restaurant-Pizzeria \u00e0 Sant Mart\u00ed d'Emp\u00faries T\u00e9l\u00e9phone : +34 972 77 00 53 Mail : info@esculapi.com\",\"breadcrumb\":{\"@id\":\"https:\/\/www.lesculapi.com\/fr\/reservation\/#breadcrumb\"},\"inLanguage\":\"fr-FR\",\"potentialAction\":[{\"@type\":\"ReadAction\",\"target\":[\"https:\/\/www.lesculapi.com\/fr\/reservation\/\"]}]},{\"@type\":\"BreadcrumbList\",\"@id\":\"https:\/\/www.lesculapi.com\/fr\/reservation\/#breadcrumb\",\"itemListElement\":[{\"@type\":\"ListItem\",\"position\":1,\"name\":\"Home\",\"item\":\"https:\/\/www.lesculapi.com\/fr\/home\/\"},{\"@type\":\"ListItem\",\"position\":2,\"name\":\"R\u00e9servation\"}]},{\"@type\":\"WebSite\",\"@id\":\"https:\/\/www.lesculapi.com\/#website\",\"url\":\"https:\/\/www.lesculapi.com\/\",\"name\":\"L'ESCULAPI Restaurant-Pizzeria\",\"description\":\"Restaurant-Pizzeria\",\"publisher\":{\"@id\":\"https:\/\/www.lesculapi.com\/#organization\"},\"potentialAction\":[{\"@type\":\"SearchAction\",\"target\":{\"@type\":\"EntryPoint\",\"urlTemplate\":\"https:\/\/www.lesculapi.com\/?s={search_term_string}\"},\"query-input\":{\"@type\":\"PropertyValueSpecification\",\"valueRequired\":true,\"valueName\":\"search_term_string\"}}],\"inLanguage\":\"fr-FR\"},{\"@type\":\"Organization\",\"@id\":\"https:\/\/www.lesculapi.com\/#organization\",\"name\":\"L'ESCULAPI Restaurant-Pizzeria\",\"url\":\"https:\/\/www.lesculapi.com\/\",\"logo\":{\"@type\":\"ImageObject\",\"inLanguage\":\"fr-FR\",\"@id\":\"https:\/\/www.lesculapi.com\/#\/schema\/logo\/image\/\",\"url\":\"http:\/\/www.lesculapi.com\/wp-content\/uploads\/2023\/06\/logo_esculapi2-6.png\",\"contentUrl\":\"http:\/\/www.lesculapi.com\/wp-content\/uploads\/2023\/06\/logo_esculapi2-6.png\",\"width\":250,\"height\":80,\"caption\":\"L'ESCULAPI Restaurant-Pizzeria\"},\"image\":{\"@id\":\"https:\/\/www.lesculapi.com\/#\/schema\/logo\/image\/\"},\"sameAs\":[\"https:\/\/www.facebook.com\/lesculapi\",\"https:\/\/www.instagram.com\/lesculapi\/\"]}]}<\/script>\n<!-- \/ Yoast SEO plugin. -->","yoast_head_json":{"title":"R\u00e9servations | L'ESCULAPI | Restaurant-Pizzeria","description":"R\u00e9servez votre table au L'ESCULAPI Restaurant-Pizzeria \u00e0 Sant Mart\u00ed d'Emp\u00faries T\u00e9l\u00e9phone : +34 972 77 00 53 Mail : info@esculapi.com","robots":{"index":"index","follow":"follow","max-snippet":"max-snippet:-1","max-image-preview":"max-image-preview:large","max-video-preview":"max-video-preview:-1"},"canonical":"https:\/\/www.lesculapi.com\/fr\/reservation\/","og_locale":"fr_FR","og_type":"article","og_title":"R\u00e9servations | L'ESCULAPI | Restaurant-Pizzeria","og_description":"R\u00e9servez votre table au L'ESCULAPI Restaurant-Pizzeria \u00e0 Sant Mart\u00ed d'Emp\u00faries T\u00e9l\u00e9phone : +34 972 77 00 53 Mail : info@esculapi.com","og_url":"https:\/\/www.lesculapi.com\/fr\/reservation\/","og_site_name":"L'ESCULAPI | Restaurant-Pizzeria","article_publisher":"https:\/\/www.facebook.com\/lesculapi","article_modified_time":"2023-06-19T12:55:49+00:00","og_image":[{"width":2560,"height":1707,"url":"https:\/\/www.lesculapi.com\/wp-content\/uploads\/2023\/05\/slider-home-5-scaled.jpg","type":"image\/jpeg"}],"twitter_card":"summary_large_image","twitter_misc":{"Dur\u00e9e de lecture estim\u00e9e":"1 minute"},"schema":{"@context":"https:\/\/schema.org","@graph":[{"@type":"WebPage","@id":"https:\/\/www.lesculapi.com\/fr\/reservation\/","url":"https:\/\/www.lesculapi.com\/fr\/reservation\/","name":"R\u00e9servations | L'ESCULAPI | Restaurant-Pizzeria","isPartOf":{"@id":"https:\/\/www.lesculapi.com\/#website"},"datePublished":"2023-06-01T06:13:47+00:00","dateModified":"2023-06-19T12:55:49+00:00","description":"R\u00e9servez votre table au L'ESCULAPI Restaurant-Pizzeria \u00e0 Sant Mart\u00ed d'Emp\u00faries T\u00e9l\u00e9phone : +34 972 77 00 53 Mail : info@esculapi.com","breadcrumb":{"@id":"https:\/\/www.lesculapi.com\/fr\/reservation\/#breadcrumb"},"inLanguage":"fr-FR","potentialAction":[{"@type":"ReadAction","target":["https:\/\/www.lesculapi.com\/fr\/reservation\/"]}]},{"@type":"BreadcrumbList","@id":"https:\/\/www.lesculapi.com\/fr\/reservation\/#breadcrumb","itemListElement":[{"@type":"ListItem","position":1,"name":"Home","item":"https:\/\/www.lesculapi.com\/fr\/home\/"},{"@type":"ListItem","position":2,"name":"R\u00e9servation"}]},{"@type":"WebSite","@id":"https:\/\/www.lesculapi.com\/#website","url":"https:\/\/www.lesculapi.com\/","name":"L'ESCULAPI Restaurant-Pizzeria","description":"Restaurant-Pizzeria","publisher":{"@id":"https:\/\/www.lesculapi.com\/#organization"},"potentialAction":[{"@type":"SearchAction","target":{"@type":"EntryPoint","urlTemplate":"https:\/\/www.lesculapi.com\/?s={search_term_string}"},"query-input":{"@type":"PropertyValueSpecification","valueRequired":true,"valueName":"search_term_string"}}],"inLanguage":"fr-FR"},{"@type":"Organization","@id":"https:\/\/www.lesculapi.com\/#organization","name":"L'ESCULAPI Restaurant-Pizzeria","url":"https:\/\/www.lesculapi.com\/","logo":{"@type":"ImageObject","inLanguage":"fr-FR","@id":"https:\/\/www.lesculapi.com\/#\/schema\/logo\/image\/","url":"http:\/\/www.lesculapi.com\/wp-content\/uploads\/2023\/06\/logo_esculapi2-6.png","contentUrl":"http:\/\/www.lesculapi.com\/wp-content\/uploads\/2023\/06\/logo_esculapi2-6.png","width":250,"height":80,"caption":"L'ESCULAPI Restaurant-Pizzeria"},"image":{"@id":"https:\/\/www.lesculapi.com\/#\/schema\/logo\/image\/"},"sameAs":["https:\/\/www.facebook.com\/lesculapi","https:\/\/www.instagram.com\/lesculapi\/"]}]}},"_links":{"self":[{"href":"https:\/\/www.lesculapi.com\/fr\/wp-json\/wp\/v2\/pages\/963"}],"collection":[{"href":"https:\/\/www.lesculapi.com\/fr\/wp-json\/wp\/v2\/pages"}],"about":[{"href":"https:\/\/www.lesculapi.com\/fr\/wp-json\/wp\/v2\/types\/page"}],"author":[{"embeddable":true,"href":"https:\/\/www.lesculapi.com\/fr\/wp-json\/wp\/v2\/users\/1"}],"replies":[{"embeddable":true,"href":"https:\/\/www.lesculapi.com\/fr\/wp-json\/wp\/v2\/comments?post=963"}],"version-history":[{"count":10,"href":"https:\/\/www.lesculapi.com\/fr\/wp-json\/wp\/v2\/pages\/963\/revisions"}],"predecessor-version":[{"id":1086,"href":"https:\/\/www.lesculapi.com\/fr\/wp-json\/wp\/v2\/pages\/963\/revisions\/1086"}],"wp:attachment":[{"href":"https:\/\/www.lesculapi.com\/fr\/wp-json\/wp\/v2\/media?parent=963"}],"curies":[{"name":"wp","href":"https:\/\/api.w.org\/{rel}","templated":true}]}}