{"id":965,"date":"2023-04-20T19:36:41","date_gmt":"2023-04-20T17:36:41","guid":{"rendered":"https:\/\/www.lesculapi.com\/travaille-avec-nous\/"},"modified":"2023-06-19T15:05:17","modified_gmt":"2023-06-19T13:05:17","slug":"travaille-avec-nous","status":"publish","type":"page","link":"https:\/\/www.lesculapi.com\/fr\/travaille-avec-nous\/","title":{"rendered":"Travaille avec nous"},"content":{"rendered":"\t\t<div data-elementor-type=\"wp-page\" data-elementor-id=\"965\" class=\"elementor elementor-965 elementor-129\">\n\t\t\t\t\t\t<section class=\"elementor-section elementor-top-section elementor-element elementor-element-9d3f087 elementor-section-height-min-height elementor-section-boxed elementor-section-height-default elementor-section-items-middle\" data-id=\"9d3f087\" data-element_type=\"section\" data-settings=\"{&quot;background_background&quot;:&quot;classic&quot;,&quot;_ob_glider_is_slider&quot;:&quot;no&quot;}\">\n\t\t\t\t\t\t\t<div class=\"elementor-background-overlay\"><\/div>\n\t\t\t\t\t\t\t<div class=\"elementor-container elementor-column-gap-default\">\n\t\t\t\t\t<div class=\"elementor-column elementor-col-50 elementor-top-column elementor-element elementor-element-bce2319\" data-id=\"bce2319\" data-element_type=\"column\">\n\t\t\t<div class=\"elementor-widget-wrap elementor-element-populated\">\n\t\t\t\t\t\t<div class=\"elementor-element elementor-element-a77edf0 elementor-widget elementor-widget-heading\" data-id=\"a77edf0\" data-element_type=\"widget\" data-widget_type=\"heading.default\">\n\t\t\t\t<div class=\"elementor-widget-container\">\n\t\t\t<h2 class=\"elementor-heading-title elementor-size-default\">VOUS VOULEZ FAIRE PARTIE DE <br> L\u2019ESCULAPI?<\/h2>\t\t<\/div>\n\t\t\t\t<\/div>\n\t\t\t\t<div class=\"elementor-element elementor-element-625e08f elementor-widget elementor-widget-text-editor\" data-id=\"625e08f\" data-element_type=\"widget\" data-widget_type=\"text-editor.default\">\n\t\t\t\t<div class=\"elementor-widget-container\">\n\t\t\t\t\t\t\t<p>Envoyez-nous votre CV \u00e0<\/p>\n<p>info@lesculapi.com<\/p>\n<p>ou pr\u00e9sentez-vous via ce formulaire.<\/p>\n\t\t\t\t\t\t<\/div>\n\t\t\t\t<\/div>\n\t\t\t\t<div class=\"elementor-element elementor-element-7bc255f elementor-button-align-end elementor-widget elementor-widget-form\" data-id=\"7bc255f\" data-element_type=\"widget\" data-settings=\"{&quot;step_next_label&quot;:&quot;Suivant&quot;,&quot;step_previous_label&quot;:&quot;Pr\\u00e9c\\u00e9dent&quot;,&quot;button_width&quot;:&quot;100&quot;,&quot;step_type&quot;:&quot;number_text&quot;,&quot;step_icon_shape&quot;:&quot;circle&quot;}\" data-widget_type=\"form.default\">\n\t\t\t\t<div class=\"elementor-widget-container\">\n\t\t\t\t\t<form class=\"elementor-form\" method=\"post\" id=\"formulari_cvs\" name=\"Formulaire CV\">\n\t\t\t<input type=\"hidden\" name=\"post_id\" value=\"965\"\/>\n\t\t\t<input type=\"hidden\" name=\"form_id\" value=\"7bc255f\"\/>\n\t\t\t<input type=\"hidden\" name=\"referer_title\" value=\"L&rsquo;ESCULAPI | Restaurant-Pizzeria\" \/>\n\n\t\t\t\n\t\t\t<div class=\"elementor-form-fields-wrapper elementor-labels-\">\n\t\t\t\t\t\t\t\t<div class=\"elementor-field-type-text elementor-field-group elementor-column elementor-field-group-email elementor-col-100 elementor-field-required\">\n\t\t\t\t\t\t\t\t\t\t\t\t<label for=\"form-field-email\" class=\"elementor-field-label elementor-screen-only\">\n\t\t\t\t\t\t\t\tNom et pr\u00e9nom\t\t\t\t\t\t\t<\/label>\n\t\t\t\t\t\t\t\t\t\t\t\t\t\t<input size=\"1\" type=\"text\" name=\"form_fields[email]\" id=\"form-field-email\" class=\"elementor-field elementor-size-sm  elementor-field-textual\" placeholder=\"Nom et pr\u00e9nom\" required=\"required\" aria-required=\"true\">\n\t\t\t\t\t\t\t\t\t\t\t<\/div>\n\t\t\t\t\t\t\t\t<div class=\"elementor-field-type-email elementor-field-group elementor-column elementor-field-group-field_cfbd857 elementor-col-50 elementor-field-required\">\n\t\t\t\t\t\t\t\t\t\t\t\t<label for=\"form-field-field_cfbd857\" class=\"elementor-field-label elementor-screen-only\">\n\t\t\t\t\t\t\t\tEmail\t\t\t\t\t\t\t<\/label>\n\t\t\t\t\t\t\t\t\t\t\t\t\t\t<input size=\"1\" type=\"email\" name=\"form_fields[field_cfbd857]\" id=\"form-field-field_cfbd857\" class=\"elementor-field elementor-size-sm  elementor-field-textual\" placeholder=\"Email\" required=\"required\" aria-required=\"true\">\n\t\t\t\t\t\t\t\t\t\t\t<\/div>\n\t\t\t\t\t\t\t\t<div class=\"elementor-field-type-tel elementor-field-group elementor-column elementor-field-group-field_23e72ee elementor-col-50 elementor-field-required\">\n\t\t\t\t\t\t\t\t\t\t\t\t<label for=\"form-field-field_23e72ee\" class=\"elementor-field-label elementor-screen-only\">\n\t\t\t\t\t\t\t\tT\u00e9l\u00e9phone\t\t\t\t\t\t\t<\/label>\n\t\t\t\t\t\t\t\t<input size=\"1\" type=\"tel\" name=\"form_fields[field_23e72ee]\" id=\"form-field-field_23e72ee\" class=\"elementor-field elementor-size-sm  elementor-field-textual\" placeholder=\"T\u00e9l\u00e9phone\" required=\"required\" aria-required=\"true\" pattern=\"[0-9()#&amp;+*-=.]+\" title=\"Only numbers and phone characters (#, -, *, etc) are accepted.\">\n\n\t\t\t\t\t\t<\/div>\n\t\t\t\t\t\t\t\t<div class=\"elementor-field-type-textarea elementor-field-group elementor-column elementor-field-group-message elementor-col-100\">\n\t\t\t\t\t\t\t\t\t\t\t\t<label for=\"form-field-message\" class=\"elementor-field-label elementor-screen-only\">\n\t\t\t\t\t\t\t\tMessage\t\t\t\t\t\t\t<\/label>\n\t\t\t\t\t\t<textarea class=\"elementor-field-textual elementor-field  elementor-size-sm\" name=\"form_fields[message]\" id=\"form-field-message\" rows=\"5\" placeholder=\"Message\"><\/textarea>\t\t\t\t<\/div>\n\t\t\t\t\t\t\t\t<div class=\"elementor-field-type-upload elementor-field-group elementor-column elementor-field-group-cv elementor-col-100 elementor-field-required\">\n\t\t\t\t\t\t\t\t\t\t\t\t<label for=\"form-field-cv\" class=\"elementor-field-label elementor-screen-only\">\n\t\t\t\t\t\t\t\tAttachez-nous votre CV\t\t\t\t\t\t\t<\/label>\n\t\t\t\t\t\t\t\t<input type=\"file\" name=\"form_fields[cv]\" id=\"form-field-cv\" class=\"elementor-field elementor-size-sm  elementor-upload-field\" required=\"required\" aria-required=\"true\" data-maxsize=\"3\" data-maxsize-message=\"This file exceeds the maximum allowed size.\">\n\n\t\t\t\t\t\t<\/div>\n\t\t\t\t\t\t\t\t<div class=\"elementor-field-type-recaptcha_v3 elementor-field-group elementor-column elementor-field-group-field_4791418 elementor-col-100 recaptcha_v3-bottomright\">\n\t\t\t\t\t<div class=\"elementor-field\" id=\"form-field-field_4791418\"><div class=\"elementor-g-recaptcha\" data-sitekey=\"6LfXOq8mAAAAAOreqa6DNyGpmWZo9Xju2ZGxF5CK\" data-type=\"v3\" data-action=\"Form\" data-badge=\"bottomright\" data-size=\"invisible\"><\/div><\/div>\t\t\t\t<\/div>\n\t\t\t\t\t\t\t\t<div class=\"elementor-field-group elementor-column elementor-field-type-submit elementor-col-100 e-form__buttons\">\n\t\t\t\t\t<button type=\"submit\" class=\"elementor-button elementor-size-sm\">\n\t\t\t\t\t\t<span >\n\t\t\t\t\t\t\t\t\t\t\t\t\t\t\t<span class=\" elementor-button-icon\">\n\t\t\t\t\t\t\t\t\t\t\t\t\t\t\t\t\t\t\t\t\t\t\t\t\t\t<\/span>\n\t\t\t\t\t\t\t\t\t\t\t\t\t\t\t\t\t\t\t\t\t\t<span class=\"elementor-button-text\">ENVOYER<\/span>\n\t\t\t\t\t\t\t\t\t\t\t\t\t<\/span>\n\t\t\t\t\t<\/button>\n\t\t\t\t<\/div>\n\t\t\t<\/div>\n\t\t<\/form>\n\t\t\t\t<\/div>\n\t\t\t\t<\/div>\n\t\t\t\t\t<\/div>\n\t\t<\/div>\n\t\t\t\t<div class=\"elementor-column elementor-col-50 elementor-top-column elementor-element elementor-element-648f31f\" data-id=\"648f31f\" data-element_type=\"column\">\n\t\t\t<div class=\"elementor-widget-wrap\">\n\t\t\t\t\t\t\t<\/div>\n\t\t<\/div>\n\t\t\t\t\t<\/div>\n\t\t<\/section>\n\t\t\t\t<\/div>\n\t\t","protected":false},"excerpt":{"rendered":"<p>VOUS VOULEZ FAIRE PARTIE DE L\u2019ESCULAPI? Envoyez-nous votre CV \u00e0 info@lesculapi.com ou pr\u00e9sentez-vous via ce formulaire.<\/p>\n","protected":false},"author":2,"featured_media":0,"parent":0,"menu_order":0,"comment_status":"closed","ping_status":"closed","template":"elementor_header_footer","meta":{"footnotes":""},"class_list":["post-965","page","type-page","status-publish","hentry"],"yoast_head":"<!-- This site is optimized with the Yoast SEO plugin v23.5 - https:\/\/yoast.com\/wordpress\/plugins\/seo\/ -->\n<title>Travaille avec nous | L&#039;ESCULAPI | Restaurant-Pizzeria<\/title>\n<meta name=\"description\" content=\"Vous souhaitez rejoindre l&#039;\u00e9quipe de L&#039;Esculapi ? Envoyez-nous votre CV et travaillez dans notre restaurant-pizzeria \u00e0 Sant Mart\u00ed d&#039;Emp\u00faries, L&#039;Escala\" \/>\n<meta name=\"robots\" content=\"index, follow, max-snippet:-1, max-image-preview:large, max-video-preview:-1\" \/>\n<link rel=\"canonical\" href=\"https:\/\/www.lesculapi.com\/fr\/travaille-avec-nous\/\" \/>\n<meta property=\"og:locale\" content=\"fr_FR\" \/>\n<meta property=\"og:type\" content=\"article\" \/>\n<meta property=\"og:title\" content=\"Travaille avec nous | L&#039;ESCULAPI | Restaurant-Pizzeria\" \/>\n<meta property=\"og:description\" content=\"Vous souhaitez rejoindre l&#039;\u00e9quipe de L&#039;Esculapi ? Envoyez-nous votre CV et travaillez dans notre restaurant-pizzeria \u00e0 Sant Mart\u00ed d&#039;Emp\u00faries, L&#039;Escala\" \/>\n<meta property=\"og:url\" content=\"https:\/\/www.lesculapi.com\/fr\/travaille-avec-nous\/\" \/>\n<meta property=\"og:site_name\" content=\"L&#039;ESCULAPI | Restaurant-Pizzeria\" \/>\n<meta property=\"article:publisher\" content=\"https:\/\/www.facebook.com\/lesculapi\" \/>\n<meta property=\"article:modified_time\" content=\"2023-06-19T13:05:17+00:00\" \/>\n<meta property=\"og:image\" content=\"https:\/\/www.lesculapi.com\/wp-content\/uploads\/2023\/05\/slider-home-5-scaled.jpg\" \/>\n\t<meta property=\"og:image:width\" content=\"2560\" \/>\n\t<meta property=\"og:image:height\" content=\"1707\" \/>\n\t<meta property=\"og:image:type\" content=\"image\/jpeg\" \/>\n<meta name=\"twitter:card\" content=\"summary_large_image\" \/>\n<script type=\"application\/ld+json\" class=\"yoast-schema-graph\">{\"@context\":\"https:\/\/schema.org\",\"@graph\":[{\"@type\":\"WebPage\",\"@id\":\"https:\/\/www.lesculapi.com\/fr\/travaille-avec-nous\/\",\"url\":\"https:\/\/www.lesculapi.com\/fr\/travaille-avec-nous\/\",\"name\":\"Travaille avec nous | L'ESCULAPI | Restaurant-Pizzeria\",\"isPartOf\":{\"@id\":\"https:\/\/www.lesculapi.com\/#website\"},\"datePublished\":\"2023-04-20T17:36:41+00:00\",\"dateModified\":\"2023-06-19T13:05:17+00:00\",\"description\":\"Vous souhaitez rejoindre l'\u00e9quipe de L'Esculapi ? Envoyez-nous votre CV et travaillez dans notre restaurant-pizzeria \u00e0 Sant Mart\u00ed d'Emp\u00faries, L'Escala\",\"breadcrumb\":{\"@id\":\"https:\/\/www.lesculapi.com\/fr\/travaille-avec-nous\/#breadcrumb\"},\"inLanguage\":\"fr-FR\",\"potentialAction\":[{\"@type\":\"ReadAction\",\"target\":[\"https:\/\/www.lesculapi.com\/fr\/travaille-avec-nous\/\"]}]},{\"@type\":\"BreadcrumbList\",\"@id\":\"https:\/\/www.lesculapi.com\/fr\/travaille-avec-nous\/#breadcrumb\",\"itemListElement\":[{\"@type\":\"ListItem\",\"position\":1,\"name\":\"Home\",\"item\":\"https:\/\/www.lesculapi.com\/fr\/home\/\"},{\"@type\":\"ListItem\",\"position\":2,\"name\":\"Travaille avec nous\"}]},{\"@type\":\"WebSite\",\"@id\":\"https:\/\/www.lesculapi.com\/#website\",\"url\":\"https:\/\/www.lesculapi.com\/\",\"name\":\"L'ESCULAPI Restaurant-Pizzeria\",\"description\":\"Restaurant-Pizzeria\",\"publisher\":{\"@id\":\"https:\/\/www.lesculapi.com\/#organization\"},\"potentialAction\":[{\"@type\":\"SearchAction\",\"target\":{\"@type\":\"EntryPoint\",\"urlTemplate\":\"https:\/\/www.lesculapi.com\/?s={search_term_string}\"},\"query-input\":{\"@type\":\"PropertyValueSpecification\",\"valueRequired\":true,\"valueName\":\"search_term_string\"}}],\"inLanguage\":\"fr-FR\"},{\"@type\":\"Organization\",\"@id\":\"https:\/\/www.lesculapi.com\/#organization\",\"name\":\"L'ESCULAPI Restaurant-Pizzeria\",\"url\":\"https:\/\/www.lesculapi.com\/\",\"logo\":{\"@type\":\"ImageObject\",\"inLanguage\":\"fr-FR\",\"@id\":\"https:\/\/www.lesculapi.com\/#\/schema\/logo\/image\/\",\"url\":\"http:\/\/www.lesculapi.com\/wp-content\/uploads\/2023\/06\/logo_esculapi2-6.png\",\"contentUrl\":\"http:\/\/www.lesculapi.com\/wp-content\/uploads\/2023\/06\/logo_esculapi2-6.png\",\"width\":250,\"height\":80,\"caption\":\"L'ESCULAPI Restaurant-Pizzeria\"},\"image\":{\"@id\":\"https:\/\/www.lesculapi.com\/#\/schema\/logo\/image\/\"},\"sameAs\":[\"https:\/\/www.facebook.com\/lesculapi\",\"https:\/\/www.instagram.com\/lesculapi\/\"]}]}<\/script>\n<!-- \/ Yoast SEO plugin. -->","yoast_head_json":{"title":"Travaille avec nous | L'ESCULAPI | Restaurant-Pizzeria","description":"Vous souhaitez rejoindre l'\u00e9quipe de L'Esculapi ? Envoyez-nous votre CV et travaillez dans notre restaurant-pizzeria \u00e0 Sant Mart\u00ed d'Emp\u00faries, L'Escala","robots":{"index":"index","follow":"follow","max-snippet":"max-snippet:-1","max-image-preview":"max-image-preview:large","max-video-preview":"max-video-preview:-1"},"canonical":"https:\/\/www.lesculapi.com\/fr\/travaille-avec-nous\/","og_locale":"fr_FR","og_type":"article","og_title":"Travaille avec nous | L'ESCULAPI | Restaurant-Pizzeria","og_description":"Vous souhaitez rejoindre l'\u00e9quipe de L'Esculapi ? Envoyez-nous votre CV et travaillez dans notre restaurant-pizzeria \u00e0 Sant Mart\u00ed d'Emp\u00faries, L'Escala","og_url":"https:\/\/www.lesculapi.com\/fr\/travaille-avec-nous\/","og_site_name":"L'ESCULAPI | Restaurant-Pizzeria","article_publisher":"https:\/\/www.facebook.com\/lesculapi","article_modified_time":"2023-06-19T13:05:17+00:00","og_image":[{"width":2560,"height":1707,"url":"https:\/\/www.lesculapi.com\/wp-content\/uploads\/2023\/05\/slider-home-5-scaled.jpg","type":"image\/jpeg"}],"twitter_card":"summary_large_image","schema":{"@context":"https:\/\/schema.org","@graph":[{"@type":"WebPage","@id":"https:\/\/www.lesculapi.com\/fr\/travaille-avec-nous\/","url":"https:\/\/www.lesculapi.com\/fr\/travaille-avec-nous\/","name":"Travaille avec nous | L'ESCULAPI | Restaurant-Pizzeria","isPartOf":{"@id":"https:\/\/www.lesculapi.com\/#website"},"datePublished":"2023-04-20T17:36:41+00:00","dateModified":"2023-06-19T13:05:17+00:00","description":"Vous souhaitez rejoindre l'\u00e9quipe de L'Esculapi ? Envoyez-nous votre CV et travaillez dans notre restaurant-pizzeria \u00e0 Sant Mart\u00ed d'Emp\u00faries, L'Escala","breadcrumb":{"@id":"https:\/\/www.lesculapi.com\/fr\/travaille-avec-nous\/#breadcrumb"},"inLanguage":"fr-FR","potentialAction":[{"@type":"ReadAction","target":["https:\/\/www.lesculapi.com\/fr\/travaille-avec-nous\/"]}]},{"@type":"BreadcrumbList","@id":"https:\/\/www.lesculapi.com\/fr\/travaille-avec-nous\/#breadcrumb","itemListElement":[{"@type":"ListItem","position":1,"name":"Home","item":"https:\/\/www.lesculapi.com\/fr\/home\/"},{"@type":"ListItem","position":2,"name":"Travaille avec nous"}]},{"@type":"WebSite","@id":"https:\/\/www.lesculapi.com\/#website","url":"https:\/\/www.lesculapi.com\/","name":"L'ESCULAPI Restaurant-Pizzeria","description":"Restaurant-Pizzeria","publisher":{"@id":"https:\/\/www.lesculapi.com\/#organization"},"potentialAction":[{"@type":"SearchAction","target":{"@type":"EntryPoint","urlTemplate":"https:\/\/www.lesculapi.com\/?s={search_term_string}"},"query-input":{"@type":"PropertyValueSpecification","valueRequired":true,"valueName":"search_term_string"}}],"inLanguage":"fr-FR"},{"@type":"Organization","@id":"https:\/\/www.lesculapi.com\/#organization","name":"L'ESCULAPI Restaurant-Pizzeria","url":"https:\/\/www.lesculapi.com\/","logo":{"@type":"ImageObject","inLanguage":"fr-FR","@id":"https:\/\/www.lesculapi.com\/#\/schema\/logo\/image\/","url":"http:\/\/www.lesculapi.com\/wp-content\/uploads\/2023\/06\/logo_esculapi2-6.png","contentUrl":"http:\/\/www.lesculapi.com\/wp-content\/uploads\/2023\/06\/logo_esculapi2-6.png","width":250,"height":80,"caption":"L'ESCULAPI Restaurant-Pizzeria"},"image":{"@id":"https:\/\/www.lesculapi.com\/#\/schema\/logo\/image\/"},"sameAs":["https:\/\/www.facebook.com\/lesculapi","https:\/\/www.instagram.com\/lesculapi\/"]}]}},"_links":{"self":[{"href":"https:\/\/www.lesculapi.com\/fr\/wp-json\/wp\/v2\/pages\/965"}],"collection":[{"href":"https:\/\/www.lesculapi.com\/fr\/wp-json\/wp\/v2\/pages"}],"about":[{"href":"https:\/\/www.lesculapi.com\/fr\/wp-json\/wp\/v2\/types\/page"}],"author":[{"embeddable":true,"href":"https:\/\/www.lesculapi.com\/fr\/wp-json\/wp\/v2\/users\/2"}],"replies":[{"embeddable":true,"href":"https:\/\/www.lesculapi.com\/fr\/wp-json\/wp\/v2\/comments?post=965"}],"version-history":[{"count":3,"href":"https:\/\/www.lesculapi.com\/fr\/wp-json\/wp\/v2\/pages\/965\/revisions"}],"predecessor-version":[{"id":968,"href":"https:\/\/www.lesculapi.com\/fr\/wp-json\/wp\/v2\/pages\/965\/revisions\/968"}],"wp:attachment":[{"href":"https:\/\/www.lesculapi.com\/fr\/wp-json\/wp\/v2\/media?parent=965"}],"curies":[{"name":"wp","href":"https:\/\/api.w.org\/{rel}","templated":true}]}}